{"id":130,"date":"2025-03-20T17:32:24","date_gmt":"2025-03-20T17:32:24","guid":{"rendered":"https:\/\/www.pronego.mx\/home\/?page_id=130"},"modified":"2025-11-06T18:58:14","modified_gmt":"2025-11-06T18:58:14","slug":"tiendas","status":"publish","type":"page","link":"https:\/\/www.pronego.mx\/home\/tiendas\/","title":{"rendered":"Tiendas"},"content":{"rendered":"<p>[et_pb_section fb_built=\u00bb1&#8243; _builder_version=\u00bb4.27.4&#8243; _module_preset=\u00bbdefault\u00bb background_color=\u00bb#1d4592&#8243; global_colors_info=\u00bb{}\u00bb][et_pb_row _builder_version=\u00bb4.27.4&#8243; _module_preset=\u00bbdefault\u00bb global_colors_info=\u00bb{}\u00bb][et_pb_column type=\u00bb4_4&#8243; _builder_version=\u00bb4.27.4&#8243; _module_preset=\u00bbdefault\u00bb global_colors_info=\u00bb{}\u00bb][et_pb_text _builder_version=\u00bb4.27.4&#8243; _module_preset=\u00bbdefault\u00bb text_font=\u00bbMontserrat|600||on|||||\u00bb text_text_color=\u00bb#FFFFFF\u00bb text_font_size=\u00bb40px\u00bb text_orientation=\u00bbcenter\u00bb text_font_size_tablet=\u00bb40px\u00bb text_font_size_phone=\u00bb30px\u00bb text_font_size_last_edited=\u00bbon|phone\u00bb global_colors_info=\u00bb{}\u00bb]<\/p>\n<p>Nuestras sucursales<\/p>\n<p>[\/et_pb_text][\/et_pb_column][\/et_pb_row][\/et_pb_section][et_pb_section fb_built=\u00bb1&#8243; _builder_version=\u00bb4.27.4&#8243; _module_preset=\u00bbdefault\u00bb global_colors_info=\u00bb{}\u00bb][et_pb_row _builder_version=\u00bb4.27.4&#8243; _module_preset=\u00bbdefault\u00bb global_colors_info=\u00bb{}\u00bb][et_pb_column type=\u00bb4_4&#8243; _builder_version=\u00bb4.27.4&#8243; _module_preset=\u00bbdefault\u00bb global_colors_info=\u00bb{}\u00bb][et_pb_code _builder_version=\u00bb4.27.4&#8243; _module_preset=\u00bbdefault\u00bb text_orientation=\u00bbcenter\u00bb global_colors_info=\u00bb{}\u00bb]<iframe loading=\"lazy\" src=\"https:\/\/www.google.com\/maps\/d\/embed?mid=1hb6E2AR3Ho43gwJwTwcDKVp-MiETRZ45&#038;ehbc=2E312F\" width=\"1040\" height=\"480\"><\/iframe>[\/et_pb_code][\/et_pb_column][\/et_pb_row][et_pb_row _builder_version=\u00bb4.27.4&#8243; _module_preset=\u00bbdefault\u00bb global_colors_info=\u00bb{}\u00bb][et_pb_column type=\u00bb4_4&#8243; _builder_version=\u00bb4.27.4&#8243; _module_preset=\u00bbdefault\u00bb global_colors_info=\u00bb{}\u00bb][et_pb_text _builder_version=\u00bb4.27.4&#8243; _module_preset=\u00bbdefault\u00bb text_font=\u00bbMontserrat|600|||||||\u00bb text_text_color=\u00bb#000000&#8243; text_font_size=\u00bb35px\u00bb text_orientation=\u00bbcenter\u00bb text_font_size_tablet=\u00bb35px\u00bb text_font_size_phone=\u00bb30px\u00bb text_font_size_last_edited=\u00bbon|phone\u00bb global_colors_info=\u00bb{}\u00bb]<\/p>\n<p>Ubica tu sucursal m\u00e1s cercana<\/p>\n<p>[\/et_pb_text][\/et_pb_column][\/et_pb_row][et_pb_row column_structure=\u00bb1_3,1_3,1_3&#8243; use_custom_gutter=\u00bbon\u00bb gutter_width=\u00bb2&#8243; make_equal=\u00bbon\u00bb _builder_version=\u00bb4.27.4&#8243; _module_preset=\u00bbdefault\u00bb width=\u00bb100%\u00bb width_tablet=\u00bb80%\u00bb width_phone=\u00bb80%\u00bb width_last_edited=\u00bbon|phone\u00bb max_width=\u00bb1750px\u00bb max_width_tablet=\u00bb1182%\u00bb max_width_phone=\u00bb1182%\u00bb max_width_last_edited=\u00bbon|tablet\u00bb hover_enabled=\u00bb0&#8243; global_colors_info=\u00bb{}\u00bb sticky_enabled=\u00bb0&#8243;][et_pb_column type=\u00bb1_3&#8243; _builder_version=\u00bb4.27.4&#8243; _module_preset=\u00bbdefault\u00bb global_colors_info=\u00bb{}\u00bb][et_pb_toggle title=\u00bbSucursal PRONEGO Mart\u00ednez de la Torre\u00bb icon_color=\u00bb#ed3839&#8243; open_icon_color=\u00bb#e77b03&#8243; _builder_version=\u00bb4.27.4&#8243; _module_preset=\u00bbdefault\u00bb title_text_color=\u00bb#ed3839&#8243; title_font=\u00bbMontserrat|600|||||||\u00bb title_font_size=\u00bb20px\u00bb body_font=\u00bbRaleway||||||||\u00bb body_font_size=\u00bb20px\u00bb body_link_font=\u00bbRaleway||||||||\u00bb text_orientation=\u00bbleft\u00bb title_font_size_tablet=\u00bb20px\u00bb title_font_size_phone=\u00bb18px\u00bb title_font_size_last_edited=\u00bbon|phone\u00bb body_font_size_tablet=\u00bb20px\u00bb body_font_size_phone=\u00bb16px\u00bb body_font_size_last_edited=\u00bbon|phone\u00bb global_colors_info=\u00bb{}\u00bb]<\/p>\n<p>Av. Maximino \u00c1vila Camacho S\/N, Col. Constituci\u00f3n, C.P. 93600, Mart\u00ednez de la Torre, Ver.<\/p>\n<p><strong>Tel\u00a0<span>232 373 0560<\/span><\/strong><\/p>\n<p><a href=\"mailto:martinez@pronego.mx\">martinez@pronego.mx<\/a><\/p>\n<p>[\/et_pb_toggle][et_pb_toggle title=\u00bbSucursal PRONEGO Puebla 25 Pte 1916&#8243; icon_color=\u00bb#ed3839&#8243; open_icon_color=\u00bb#e77b03&#8243; _builder_version=\u00bb4.27.4&#8243; _module_preset=\u00bbdefault\u00bb title_text_color=\u00bb#ed3839&#8243; title_font=\u00bbMontserrat|600|||||||\u00bb title_font_size=\u00bb20px\u00bb body_font=\u00bbRaleway||||||||\u00bb body_font_size=\u00bb20px\u00bb body_link_font=\u00bbRaleway||||||||\u00bb text_orientation=\u00bbleft\u00bb title_font_size_tablet=\u00bb20px\u00bb title_font_size_phone=\u00bb18px\u00bb title_font_size_last_edited=\u00bbon|phone\u00bb body_font_size_tablet=\u00bb20px\u00bb body_font_size_phone=\u00bb16px\u00bb body_font_size_last_edited=\u00bbon|phone\u00bb global_colors_info=\u00bb{}\u00bb]<\/p>\n<p>Av. 25 Poniente 1916 Rivera de Santiago, 72410 Puebla, Pue.<\/p>\n<p><span>T<\/span><b>el 222 214 8571<\/b><\/p>\n<p><a href=\"mailto:puebla.25pte1916@pronego.mx\">puebla.25pte1916@pronego.mx<\/a><\/p>\n<p>[\/et_pb_toggle][et_pb_toggle title=\u00bbSucursal PRONEGO San Cristobal\u00bb icon_color=\u00bb#ed3839&#8243; open_icon_color=\u00bb#e77b03&#8243; _builder_version=\u00bb4.27.4&#8243; _module_preset=\u00bbdefault\u00bb title_text_color=\u00bb#ed3839&#8243; title_font=\u00bbMontserrat|600|||||||\u00bb title_font_size=\u00bb20px\u00bb body_font=\u00bbRaleway||||||||\u00bb body_font_size=\u00bb20px\u00bb body_link_font=\u00bbRaleway||||||||\u00bb text_orientation=\u00bbleft\u00bb title_font_size_tablet=\u00bb20px\u00bb title_font_size_phone=\u00bb18px\u00bb title_font_size_last_edited=\u00bbon|phone\u00bb body_font_size_tablet=\u00bb20px\u00bb body_font_size_phone=\u00bb16px\u00bb body_font_size_last_edited=\u00bbon|phone\u00bb global_colors_info=\u00bb{}\u00bb]<\/p>\n<p>Calzada de las Am\u00e9ricas 16 Barrio San Diego 29270 San Crist\u00f3bal de las casas<\/p>\n<p>T<b>el 967 688 6867<\/b><\/p>\n<p><a href=\"mailto:sancristobal@pronego.mx\">sancristobal@pronego.mx<\/a><\/p>\n<p>[\/et_pb_toggle][et_pb_toggle title=\u00bbSucursal PRONEGO Tuxtla\u00bb icon_color=\u00bb#ed3839&#8243; open_icon_color=\u00bb#e77b03&#8243; _builder_version=\u00bb4.27.4&#8243; _module_preset=\u00bbdefault\u00bb title_text_color=\u00bb#ed3839&#8243; title_font=\u00bbMontserrat|600|||||||\u00bb title_font_size=\u00bb20px\u00bb body_font=\u00bbRaleway||||||||\u00bb body_font_size=\u00bb20px\u00bb body_link_font=\u00bbRaleway||||||||\u00bb text_orientation=\u00bbleft\u00bb title_font_size_tablet=\u00bb20px\u00bb title_font_size_phone=\u00bb18px\u00bb title_font_size_last_edited=\u00bbon|phone\u00bb body_font_size_tablet=\u00bb20px\u00bb body_font_size_phone=\u00bb16px\u00bb body_font_size_last_edited=\u00bbon|phone\u00bb global_colors_info=\u00bb{}\u00bb]<\/p>\n<p><span>Libramiento sur oriente 613<\/span><br \/><span>Fracc. Bonampak, CP 29080, Tuxtla Gutierrez, Chiapas<\/span><\/p>\n<p><strong>Tel 961 613 6669<\/strong><br \/><strong>961 618 8500<\/strong><\/p>\n<p><a href=\"mailto:tuxtla2@pronego.mx\" target=\"_blank\" rel=\"nofollow noopener\">tuxtla2@pronego.mx<\/a><\/p>\n<p>[\/et_pb_toggle][et_pb_toggle title=\u00bbSucursal PRONEGO Xalapa\u00bb icon_color=\u00bb#ed3839&#8243; open_icon_color=\u00bb#e77b03&#8243; _builder_version=\u00bb4.27.4&#8243; _module_preset=\u00bbdefault\u00bb title_text_color=\u00bb#ed3839&#8243; title_font=\u00bbMontserrat|600|||||||\u00bb title_font_size=\u00bb20px\u00bb body_font=\u00bbRaleway||||||||\u00bb body_font_size=\u00bb20px\u00bb body_link_font=\u00bbRaleway||||||||\u00bb text_orientation=\u00bbleft\u00bb title_font_size_tablet=\u00bb20px\u00bb title_font_size_phone=\u00bb18px\u00bb title_font_size_last_edited=\u00bbon|phone\u00bb body_font_size_tablet=\u00bb20px\u00bb body_font_size_phone=\u00bb16px\u00bb body_font_size_last_edited=\u00bbon|phone\u00bb global_colors_info=\u00bb{}\u00bb]<\/p>\n<p>Av. Revoluci\u00f3n No. 261 Colonia Centro, 91000 Xalapa Ver.<br \/>Entre libertad y 20 de nov.<br \/>Xalapa, Veracruz<\/p>\n<p><strong>Tel 228 814 2827<\/strong><br \/><strong>cel 228 140 0550<\/strong><\/p>\n<p><a href=\"mailto:xalapa@pronego.mx\">xalapa@pronego.mx<\/a><\/p>\n<p>[\/et_pb_toggle][et_pb_toggle title=\u00bbSucursal Tonal\u00e1\u00bb icon_color=\u00bb#ed3839&#8243; open_icon_color=\u00bb#e77b03&#8243; _builder_version=\u00bb4.27.4&#8243; _module_preset=\u00bbdefault\u00bb title_text_color=\u00bb#ed3839&#8243; title_font=\u00bbMontserrat|600|||||||\u00bb title_font_size=\u00bb20px\u00bb body_font=\u00bbRaleway||||||||\u00bb body_font_size=\u00bb20px\u00bb body_link_font=\u00bbRaleway||||||||\u00bb text_orientation=\u00bbleft\u00bb hover_enabled=\u00bb0&#8243; title_font_size_tablet=\u00bb20px\u00bb title_font_size_phone=\u00bb18px\u00bb title_font_size_last_edited=\u00bbon|phone\u00bb body_font_size_tablet=\u00bb20px\u00bb body_font_size_phone=\u00bb16px\u00bb body_font_size_last_edited=\u00bbon|phone\u00bb global_colors_info=\u00bb{}\u00bb sticky_enabled=\u00bb0&#8243;]<\/p>\n<p><span>Rayon 153-Local A,<\/span><\/p>\n<p><span>Col. Centro, 30500 <\/span><\/p>\n<p><span>Tonal\u00e1, Chiapas.<\/span><\/p>\n<p><strong>Tel 966 663 5809<\/strong><\/p>\n<p><a href=\"mailto:xalapa@pronego.mx\">tonala@pronego.mx<\/a><\/p>\n<p>[\/et_pb_toggle][\/et_pb_column][et_pb_column type=\u00bb1_3&#8243; _builder_version=\u00bb4.27.4&#8243; _module_preset=\u00bbdefault\u00bb global_colors_info=\u00bb{}\u00bb][et_pb_toggle title=\u00bbSucursal PRONEGO Comit\u00e1n\u00bb icon_color=\u00bb#ed3839&#8243; open_icon_color=\u00bb#e77b03&#8243; _builder_version=\u00bb4.27.4&#8243; _module_preset=\u00bbdefault\u00bb title_text_color=\u00bb#ed3839&#8243; title_font=\u00bbMontserrat|600|||||||\u00bb title_font_size=\u00bb20px\u00bb body_font=\u00bbRaleway||||||||\u00bb body_font_size=\u00bb20px\u00bb body_link_font=\u00bbRaleway||||||||\u00bb text_orientation=\u00bbleft\u00bb title_font_size_tablet=\u00bb20px\u00bb title_font_size_phone=\u00bb18px\u00bb title_font_size_last_edited=\u00bbon|phone\u00bb body_font_size_tablet=\u00bb20px\u00bb body_font_size_phone=\u00bb16px\u00bb body_font_size_last_edited=\u00bbon|phone\u00bb global_colors_info=\u00bb{}\u00bb]<\/p>\n<p><span>Boulevard Sur Dr. Belisario Dominguez No. 640-2 Col. Belisario Dom\u00ednguez, 30040, Comit\u00e1n, Chiapas<\/span><\/p>\n<p><strong>Tel 963 632 4217<\/strong><\/p>\n<p><a href=\"mailto:comitan@pronego.mx\" target=\"_blank\" rel=\"nofollow noopener\">comitan@pronego.mx<\/a><\/p>\n<p>[\/et_pb_toggle][et_pb_toggle title=\u00bbSucursal PRONEGO Orizaba\u00bb icon_color=\u00bb#ed3839&#8243; open_icon_color=\u00bb#e77b03&#8243; _builder_version=\u00bb4.27.4&#8243; _module_preset=\u00bbdefault\u00bb title_text_color=\u00bb#ed3839&#8243; title_font=\u00bbMontserrat|600|||||||\u00bb title_font_size=\u00bb20px\u00bb body_font=\u00bbRaleway||||||||\u00bb body_font_size=\u00bb20px\u00bb body_link_font=\u00bbRaleway||||||||\u00bb text_orientation=\u00bbleft\u00bb title_font_size_tablet=\u00bb20px\u00bb title_font_size_phone=\u00bb18px\u00bb title_font_size_last_edited=\u00bbon|phone\u00bb body_font_size_tablet=\u00bb20px\u00bb body_font_size_phone=\u00bb16px\u00bb body_font_size_last_edited=\u00bbon|phone\u00bb global_colors_info=\u00bb{}\u00bb]<\/p>\n<p>Av. Poniente 7 No. 584, Centro, 94300 Orizaba Ver.<\/p>\n<p><strong>Tel 272 688 6632<\/strong><\/p>\n<p><a href=\"mailto:orizaba@pronego.mx\">orizaba@pronego.mx<\/a><\/p>\n<p>[\/et_pb_toggle][et_pb_toggle title=\u00bbSucursal PRONEGO Puebla 7 Sur 2502&#8243; icon_color=\u00bb#ed3839&#8243; open_icon_color=\u00bb#e77b03&#8243; _builder_version=\u00bb4.27.4&#8243; _module_preset=\u00bbdefault\u00bb title_text_color=\u00bb#ed3839&#8243; title_font=\u00bbMontserrat|600|||||||\u00bb title_font_size=\u00bb20px\u00bb body_font=\u00bbRaleway||||||||\u00bb body_font_size=\u00bb20px\u00bb body_link_font=\u00bbRaleway||||||||\u00bb text_orientation=\u00bbleft\u00bb title_font_size_tablet=\u00bb20px\u00bb title_font_size_phone=\u00bb18px\u00bb title_font_size_last_edited=\u00bbon|phone\u00bb body_font_size_tablet=\u00bb20px\u00bb body_font_size_phone=\u00bb16px\u00bb body_font_size_last_edited=\u00bbon|phone\u00bb global_colors_info=\u00bb{}\u00bb]<\/p>\n<p>Av. 25 Pte. No. 2502, Esq. 7 Sur, Chula Vista, 72420, Puebla, Pue.<\/p>\n<p><span>T<\/span><b>el 228 836 6080<\/b><\/p>\n<p><a href=\"mailto:puebla.7sur@pronego.mx\">puebla.7sur@pronego.mx<\/a><\/p>\n<p>[\/et_pb_toggle][et_pb_toggle title=\u00bbSucursal PRONEGO Tapachula\u00bb icon_color=\u00bb#ed3839&#8243; open_icon_color=\u00bb#e77b03&#8243; _builder_version=\u00bb4.27.4&#8243; _module_preset=\u00bbdefault\u00bb title_text_color=\u00bb#ed3839&#8243; title_font=\u00bbMontserrat|600|||||||\u00bb title_font_size=\u00bb20px\u00bb body_font=\u00bbRaleway||||||||\u00bb body_font_size=\u00bb20px\u00bb body_link_font=\u00bbRaleway||||||||\u00bb text_orientation=\u00bbleft\u00bb title_font_size_tablet=\u00bb20px\u00bb title_font_size_phone=\u00bb18px\u00bb title_font_size_last_edited=\u00bbon|phone\u00bb body_font_size_tablet=\u00bb20px\u00bb body_font_size_phone=\u00bb16px\u00bb body_font_size_last_edited=\u00bbon|phone\u00bb global_colors_info=\u00bb{}\u00bb]<\/p>\n<p><span>5ta. Oriente, Tercera Avenida Nte. Abasolo 38, 30700 Tapachula de C\u00f3rdova y Ord\u00f3\u00f1ez, Chis.<\/span><\/p>\n<p><strong>Tel 962 688 2791<\/strong><\/p>\n<p><a href=\"mailto:tapachula@pronego.mx\" target=\"_blank\" rel=\"nofollow noopener\">tapachula@pronego.mx<\/a><\/p>\n<p>[\/et_pb_toggle][et_pb_toggle title=\u00bbSucursal PRONEGO Veracruz\u00bb icon_color=\u00bb#ed3839&#8243; open_icon_color=\u00bb#e77b03&#8243; _builder_version=\u00bb4.27.4&#8243; _module_preset=\u00bbdefault\u00bb title_text_color=\u00bb#ed3839&#8243; title_font=\u00bbMontserrat|600|||||||\u00bb title_font_size=\u00bb20px\u00bb body_font=\u00bbRaleway||||||||\u00bb body_font_size=\u00bb20px\u00bb body_link_font=\u00bbRaleway||||||||\u00bb text_orientation=\u00bbleft\u00bb title_font_size_tablet=\u00bb20px\u00bb title_font_size_phone=\u00bb18px\u00bb title_font_size_last_edited=\u00bbon|phone\u00bb body_font_size_tablet=\u00bb20px\u00bb body_font_size_phone=\u00bb16px\u00bb body_font_size_last_edited=\u00bbon|phone\u00bb global_colors_info=\u00bb{}\u00bb]<\/p>\n<p>Av. Salvador D\u00edaz Mir\u00f3n No. 1099 Esq. Alacio P\u00e9rez, Col. Centro 91700, Veracruz, Ver.<br \/>Entre Francisco Javier Mina y Av. Gonz\u00e1lez Pages<\/p>\n<p><strong>Tel 229 932 4284<\/strong><\/p>\n<p><a href=\"mailto:veracruz@pronego.mx\" target=\"_blank\" rel=\"nofollow noopener\">veracruz@pronego.mx<\/a><\/p>\n<p>[\/et_pb_toggle][et_pb_toggle title=\u00bbSucursal Utensilia Tuxtla \u00bb icon_color=\u00bb#ed3839&#8243; open_icon_color=\u00bb#e77b03&#8243; _builder_version=\u00bb4.27.4&#8243; _module_preset=\u00bbdefault\u00bb title_text_color=\u00bb#ed3839&#8243; title_font=\u00bbMontserrat|600|||||||\u00bb title_font_size=\u00bb20px\u00bb body_font=\u00bbRaleway||||||||\u00bb body_font_size=\u00bb20px\u00bb body_link_font=\u00bbRaleway||||||||\u00bb text_orientation=\u00bbleft\u00bb title_font_size_tablet=\u00bb20px\u00bb title_font_size_phone=\u00bb18px\u00bb title_font_size_last_edited=\u00bbon|phone\u00bb body_font_size_tablet=\u00bb20px\u00bb body_font_size_phone=\u00bb16px\u00bb body_font_size_last_edited=\u00bbon|phone\u00bb global_colors_info=\u00bb{}\u00bb]<\/p>\n<p>Av. Revoluci\u00f3n No. 261 Colonia Centro, 91000 Xalapa Ver.<br \/>Entre libertad y 20 de nov.<br \/>Xalapa, Veracruz<\/p>\n<p><strong>Tel 228 814 2827<\/strong><br \/><strong>cel 228 140 0550<\/strong><\/p>\n<p><a href=\"mailto:xalapa@pronego.mx\">xalapa@pronego.mx<\/a><\/p>\n<p>[\/et_pb_toggle][\/et_pb_column][et_pb_column type=\u00bb1_3&#8243; _builder_version=\u00bb4.27.4&#8243; _module_preset=\u00bbdefault\u00bb hover_enabled=\u00bb0&#8243; global_colors_info=\u00bb{}\u00bb sticky_enabled=\u00bb0&#8243;][et_pb_toggle title=\u00bbSucursal PRONEGO C\u00f3rdoba\u00bb icon_color=\u00bb#ed3839&#8243; open_icon_color=\u00bb#e77b03&#8243; _builder_version=\u00bb4.27.4&#8243; _module_preset=\u00bbdefault\u00bb title_text_color=\u00bb#ed3839&#8243; title_font=\u00bbMontserrat|600|||||||\u00bb title_font_size=\u00bb20px\u00bb body_font=\u00bbRaleway||||||||\u00bb body_font_size=\u00bb20px\u00bb body_link_font=\u00bbRaleway||||||||\u00bb text_orientation=\u00bbleft\u00bb title_font_size_tablet=\u00bb20px\u00bb title_font_size_phone=\u00bb18px\u00bb title_font_size_last_edited=\u00bbon|phone\u00bb body_font_size_tablet=\u00bb20px\u00bb body_font_size_phone=\u00bb16px\u00bb body_font_size_last_edited=\u00bbon|phone\u00bb global_colors_info=\u00bb{}\u00bb]<\/p>\n<p>Calle 32, No. 3201, local 4, El maestro, 94550, C\u00f3rdoba, Veracruz.<\/p>\n<p><strong>Tel 271 688 31 65<\/strong><\/p>\n<p><a href=\"mailto:cordoba@pronego.mx\" target=\"_blank\" rel=\"noopener\">cordoba@pronego.mx<\/a><\/p>\n<p>[\/et_pb_toggle][et_pb_toggle title=\u00bbSucursal PRONEGO Puebla 25 Pte 1102&#8243; icon_color=\u00bb#ed3839&#8243; open_icon_color=\u00bb#e77b03&#8243; _builder_version=\u00bb4.27.4&#8243; _module_preset=\u00bbdefault\u00bb title_text_color=\u00bb#ed3839&#8243; title_font=\u00bbMontserrat|600|||||||\u00bb title_font_size=\u00bb20px\u00bb body_font=\u00bbRaleway||||||||\u00bb body_font_size=\u00bb20px\u00bb body_link_font=\u00bbRaleway||||||||\u00bb text_orientation=\u00bbleft\u00bb title_font_size_tablet=\u00bb20px\u00bb title_font_size_phone=\u00bb18px\u00bb title_font_size_last_edited=\u00bbon|phone\u00bb body_font_size_tablet=\u00bb20px\u00bb body_font_size_phone=\u00bb16px\u00bb body_font_size_last_edited=\u00bbon|phone\u00bb global_colors_info=\u00bb{}\u00bb]<\/p>\n<p>Av . 25 Poniente No. 1102 col Santiago, 72000 Puebla, Pue.<\/p>\n<p><strong>Tel 222 240 3634<\/strong><\/p>\n<p><a href=\"mailto:puebla.25poniente@pronego.mx\" target=\"_blank\" rel=\"nofollow noopener\">puebla.25poniente@pronego.mx<\/a><\/p>\n<p>[\/et_pb_toggle][et_pb_toggle title=\u00bbSucursal PRONEGO Salina Cruz\u00bb icon_color=\u00bb#ed3839&#8243; open_icon_color=\u00bb#e77b03&#8243; _builder_version=\u00bb4.27.4&#8243; _module_preset=\u00bbdefault\u00bb title_text_color=\u00bb#ed3839&#8243; title_font=\u00bbMontserrat|600|||||||\u00bb title_font_size=\u00bb20px\u00bb body_font=\u00bbRaleway||||||||\u00bb body_font_size=\u00bb20px\u00bb body_link_font=\u00bbRaleway||||||||\u00bb text_orientation=\u00bbleft\u00bb title_font_size_tablet=\u00bb20px\u00bb title_font_size_phone=\u00bb18px\u00bb title_font_size_last_edited=\u00bbon|phone\u00bb body_font_size_tablet=\u00bb20px\u00bb body_font_size_phone=\u00bb16px\u00bb body_font_size_last_edited=\u00bbon|phone\u00bb global_colors_info=\u00bb{}\u00bb]<\/p>\n<p><span>Carretera Trans\u00edsmica S\/N, Esq. Calle de Acceso a Col. Deportiva, Deportiva Norte, 70614, Salina Cruz, Oax.<\/span><\/p>\n<p><strong>Tel 971 688 5100<\/strong><\/p>\n<p><a href=\"mailto:salinacruz@pronego.mx\" target=\"_blank\" rel=\"nofollow noopener\">salinacruz@pronego.mx<\/a><\/p>\n<p>[\/et_pb_toggle][et_pb_toggle title=\u00bbSucursal PRONEGO Tuxtepec\u00bb icon_color=\u00bb#ed3839&#8243; open_icon_color=\u00bb#e77b03&#8243; _builder_version=\u00bb4.27.4&#8243; _module_preset=\u00bbdefault\u00bb title_text_color=\u00bb#ed3839&#8243; title_font=\u00bbMontserrat|600|||||||\u00bb title_font_size=\u00bb20px\u00bb body_font=\u00bbRaleway||||||||\u00bb body_font_size=\u00bb20px\u00bb body_link_font=\u00bbRaleway||||||||\u00bb text_orientation=\u00bbleft\u00bb title_font_size_tablet=\u00bb20px\u00bb title_font_size_phone=\u00bb18px\u00bb title_font_size_last_edited=\u00bbon|phone\u00bb body_font_size_tablet=\u00bb20px\u00bb body_font_size_phone=\u00bb16px\u00bb body_font_size_last_edited=\u00bbon|phone\u00bb global_colors_info=\u00bb{}\u00bb]<\/p>\n<p>Avenida, 5 de Mayo 818 A, Centro San Juan Bautista Tuxtepec, Oax. 68300<\/p>\n<p><strong>Tel 287 598 1795<\/strong><\/p>\n<p><a href=\"https:\/\/www.pronego.mx\/tiendas\/tuxtepec@pronego.mx\">tuxtepec@pronego.mx<\/a><\/p>\n<p>[\/et_pb_toggle][et_pb_toggle title=\u00bbSucursal PRONEGO Villahermosa\u00bb icon_color=\u00bb#ed3839&#8243; open_icon_color=\u00bb#e77b03&#8243; _builder_version=\u00bb4.27.4&#8243; _module_preset=\u00bbdefault\u00bb title_text_color=\u00bb#ed3839&#8243; title_font=\u00bbMontserrat|600|||||||\u00bb title_font_size=\u00bb20px\u00bb body_font=\u00bbRaleway||||||||\u00bb body_font_size=\u00bb20px\u00bb body_link_font=\u00bbRaleway||||||||\u00bb text_orientation=\u00bbleft\u00bb title_font_size_tablet=\u00bb20px\u00bb title_font_size_phone=\u00bb18px\u00bb title_font_size_last_edited=\u00bbon|phone\u00bb body_font_size_tablet=\u00bb20px\u00bb body_font_size_phone=\u00bb16px\u00bb body_font_size_last_edited=\u00bbon|phone\u00bb global_colors_info=\u00bb{}\u00bb]<\/p>\n<p>Av Pino Su\u00e1rez 404, Centro Delegaci\u00f3n tres, C.P. 86000 Villahermosa, Tabasco<\/p>\n<p><strong>Tel 993 253 0489<\/strong><\/p>\n<p><a href=\"mailto:villahermosa@pronego.mx\" target=\"_blank\" rel=\"noopener\">villahermosa@pronego.mx<\/a><\/p>\n<p>[\/et_pb_toggle][\/et_pb_column][\/et_pb_row][\/et_pb_section]<\/p>\n","protected":false},"excerpt":{"rendered":"<p>Nuestras sucursalesUbica tu sucursal m\u00e1s cercanaAv. Maximino \u00c1vila Camacho S\/N, Col. Constituci\u00f3n, C.P. 93600, Mart\u00ednez de la Torre, Ver. Tel\u00a0232 373 0560 martinez@pronego.mxAv. 25 Poniente 1916 Rivera de Santiago, 72410 Puebla, Pue. Tel 222 214 8571 puebla.25pte1916@pronego.mxCalzada de las Am\u00e9ricas 16 Barrio San Diego 29270 San Crist\u00f3bal de las casas Tel 967 688 6867 sancristobal@pronego.mxLibramiento [&hellip;]<\/p>\n","protected":false},"author":1,"featured_media":0,"parent":0,"menu_order":0,"comment_status":"closed","ping_status":"closed","template":"","meta":{"_acf_changed":false,"_et_pb_use_builder":"on","_et_pb_old_content":"","_et_gb_content_width":"","footnotes":""},"class_list":["post-130","page","type-page","status-publish","hentry"],"acf":[],"_links":{"self":[{"href":"https:\/\/www.pronego.mx\/home\/wp-json\/wp\/v2\/pages\/130","targetHints":{"allow":["GET"]}}],"collection":[{"href":"https:\/\/www.pronego.mx\/home\/wp-json\/wp\/v2\/pages"}],"about":[{"href":"https:\/\/www.pronego.mx\/home\/wp-json\/wp\/v2\/types\/page"}],"author":[{"embeddable":true,"href":"https:\/\/www.pronego.mx\/home\/wp-json\/wp\/v2\/users\/1"}],"replies":[{"embeddable":true,"href":"https:\/\/www.pronego.mx\/home\/wp-json\/wp\/v2\/comments?post=130"}],"version-history":[{"count":15,"href":"https:\/\/www.pronego.mx\/home\/wp-json\/wp\/v2\/pages\/130\/revisions"}],"predecessor-version":[{"id":1420,"href":"https:\/\/www.pronego.mx\/home\/wp-json\/wp\/v2\/pages\/130\/revisions\/1420"}],"wp:attachment":[{"href":"https:\/\/www.pronego.mx\/home\/wp-json\/wp\/v2\/media?parent=130"}],"curies":[{"name":"wp","href":"https:\/\/api.w.org\/{rel}","templated":true}]}}