{"id":99,"date":"2025-03-12T20:17:15","date_gmt":"2025-03-12T20:17:15","guid":{"rendered":"https:\/\/www.pronego.mx\/home\/?page_id=99"},"modified":"2025-12-01T19:56:47","modified_gmt":"2025-12-01T19:56:47","slug":"quienes-somos","status":"publish","type":"page","link":"https:\/\/www.pronego.mx\/home\/quienes-somos\/","title":{"rendered":"Qui\u00e9nes somos"},"content":{"rendered":"<p>[et_pb_section fb_built=\u00bb1&#8243; _builder_version=\u00bb4.27.4&#8243; _module_preset=\u00bbdefault\u00bb background_color=\u00bb#1d4592&#8243; global_colors_info=\u00bb{}\u00bb][et_pb_row _builder_version=\u00bb4.27.4&#8243; _module_preset=\u00bbdefault\u00bb global_colors_info=\u00bb{}\u00bb][et_pb_column type=\u00bb4_4&#8243; _builder_version=\u00bb4.27.4&#8243; _module_preset=\u00bbdefault\u00bb global_colors_info=\u00bb{}\u00bb][et_pb_text _builder_version=\u00bb4.27.4&#8243; _module_preset=\u00bbdefault\u00bb text_font=\u00bbMontserrat|600||on|||||\u00bb text_text_color=\u00bb#FFFFFF\u00bb text_font_size=\u00bb40px\u00bb text_orientation=\u00bbcenter\u00bb text_font_size_tablet=\u00bb40px\u00bb text_font_size_phone=\u00bb30px\u00bb text_font_size_last_edited=\u00bbon|phone\u00bb global_colors_info=\u00bb{}\u00bb]<\/p>\n<p>Qui\u00e9nes somos<\/p>\n<p>[\/et_pb_text][\/et_pb_column][\/et_pb_row][\/et_pb_section][et_pb_section fb_built=\u00bb1&#8243; _builder_version=\u00bb4.27.4&#8243; _module_preset=\u00bbdefault\u00bb global_colors_info=\u00bb{}\u00bb][et_pb_row _builder_version=\u00bb4.27.4&#8243; _module_preset=\u00bbdefault\u00bb global_colors_info=\u00bb{}\u00bb][et_pb_column type=\u00bb4_4&#8243; _builder_version=\u00bb4.27.4&#8243; _module_preset=\u00bbdefault\u00bb global_colors_info=\u00bb{}\u00bb][et_pb_text _builder_version=\u00bb4.27.4&#8243; _module_preset=\u00bbdefault\u00bb text_font=\u00bbRaleway|300|||||||\u00bb text_font_size=\u00bb20px\u00bb global_colors_info=\u00bb{}\u00bb]<\/p>\n<p data-start=\"852\" data-end=\"1160\">PRONEGO es una empresa mexicana especializada en la comercializaci\u00f3n de equipos para <strong data-start=\"937\" data-end=\"1007\">refrigeraci\u00f3n, cocci\u00f3n, panader\u00eda, carnicer\u00eda y pesaje profesional<\/strong>.<br data-start=\"1008\" data-end=\"1011\" \/>Desde hace m\u00e1s de 12 a\u00f1os trabajamos con un compromiso firme: brindar a cada cliente soluciones confiables que impulsen el crecimiento de su negocio.<\/p>\n<p data-start=\"1162\" data-end=\"1375\">Nuestro enfoque combina <strong data-start=\"1186\" data-end=\"1212\">asesor\u00eda especializada<\/strong>, <strong data-start=\"1214\" data-end=\"1241\">equipos de alta calidad<\/strong> y un <strong data-start=\"1247\" data-end=\"1279\">servicio t\u00e9cnico profesional<\/strong>, permitiendo que peque\u00f1os y grandes negocios operen con eficiencia, seguridad y respaldo total.<\/p>\n<p data-start=\"1377\" data-end=\"1526\">Hoy contamos con m\u00e1s de <strong data-start=\"1401\" data-end=\"1421\">60 colaboradores<\/strong>, <strong data-start=\"1423\" data-end=\"1440\">17 sucursales<\/strong> y una presencia en constante expansi\u00f3n a lo largo del sureste, centro y sur del pa\u00eds.<\/p>\n<p>[\/et_pb_text][\/et_pb_column][\/et_pb_row][et_pb_row _builder_version=\u00bb4.27.4&#8243; _module_preset=\u00bbdefault\u00bb hover_enabled=\u00bb0&#8243; sticky_enabled=\u00bb0&#8243;][et_pb_column _builder_version=\u00bb4.27.4&#8243; _module_preset=\u00bbdefault\u00bb type=\u00bb4_4&#8243; hover_enabled=\u00bb0&#8243; sticky_enabled=\u00bb0&#8243;][et_pb_text _builder_version=\u00bb4.27.4&#8243; _module_preset=\u00bbdefault\u00bb text_font=\u00bbRaleway|300|||||||\u00bb text_font_size=\u00bb20px\u00bb global_colors_info=\u00bb{}\u00bb locked=\u00bboff\u00bb]<\/p>\n<p data-start=\"852\" data-end=\"1160\"><strong>HISTORIA<\/strong><\/p>\n<p data-start=\"1551\" data-end=\"1849\">PRONEGO surge como la evoluci\u00f3n de una empresa dedicada durante d\u00e9cadas al abastecimiento de equipos para procesamiento y conservaci\u00f3n de alimentos.<br data-start=\"1699\" data-end=\"1702\" \/>A partir del a\u00f1o <strong data-start=\"1719\" data-end=\"1727\">2011<\/strong>, la marca inicia un camino independiente, enfoc\u00e1ndose en la especializaci\u00f3n t\u00e9cnica y en la mejora continua del servicio.<\/p>\n<p data-start=\"1851\" data-end=\"2011\">En <strong data-start=\"1854\" data-end=\"1862\">2019<\/strong>, PRONEGO se constituye formalmente como raz\u00f3n social y consolida su presencia en Chiapas, marcando un antes y un despu\u00e9s en su estructura operativa.<\/p>\n<p data-start=\"2013\" data-end=\"2094\">Desde entonces ha construido un modelo de crecimiento sustentado en tres pilares:<\/p>\n<ul data-start=\"2096\" data-end=\"2255\">\n<li data-start=\"2096\" data-end=\"2145\">\n<p data-start=\"2098\" data-end=\"2145\"><strong data-start=\"2098\" data-end=\"2143\">Asesor\u00eda profesional en campo y en tienda<\/strong><\/p>\n<\/li>\n<li data-start=\"2146\" data-end=\"2192\">\n<p data-start=\"2148\" data-end=\"2192\"><strong data-start=\"2148\" data-end=\"2190\">Distribuci\u00f3n estrat\u00e9gica de sucursales<\/strong><\/p>\n<\/li>\n<li data-start=\"2193\" data-end=\"2255\">\n<p data-start=\"2195\" data-end=\"2255\"><strong data-start=\"2195\" data-end=\"2255\">Alianzas con marcas l\u00edderes nacionales e internacionales<\/strong><\/p>\n<\/li>\n<\/ul>\n<p data-start=\"2257\" data-end=\"2395\">Hoy PRONEGO contin\u00faa expandi\u00e9ndose y reforzando su presencia con nuevas aperturas, centros de distribuci\u00f3n y un equipo que crece cada a\u00f1o.<\/p>\n<p>&nbsp;<\/p>\n<p>[\/et_pb_text][\/et_pb_column][\/et_pb_row][\/et_pb_section][et_pb_section fb_built=\u00bb1&#8243; _builder_version=\u00bb4.27.4&#8243; _module_preset=\u00bbdefault\u00bb background_enable_color=\u00bboff\u00bb top_divider_height=\u00bb0px\u00bb global_colors_info=\u00bb{}\u00bb][et_pb_row column_structure=\u00bb1_2,1_2&#8243; _builder_version=\u00bb4.27.4&#8243; _module_preset=\u00bbdefault\u00bb global_colors_info=\u00bb{}\u00bb][et_pb_column type=\u00bb1_2&#8243; _builder_version=\u00bb4.27.4&#8243; _module_preset=\u00bbdefault\u00bb global_colors_info=\u00bb{}\u00bb][et_pb_text _builder_version=\u00bb4.27.4&#8243; _module_preset=\u00bbdefault\u00bb text_font=\u00bbMontserrat|600|||||||\u00bb text_text_color=\u00bb#de1515&#8243; text_font_size=\u00bb24px\u00bb global_colors_info=\u00bb{}\u00bb]<\/p>\n<p>Misi\u00f3n<\/p>\n<p>[\/et_pb_text][et_pb_text _builder_version=\u00bb4.27.4&#8243; _module_preset=\u00bbdefault\u00bb text_font=\u00bbRaleway|300|||||||\u00bb text_font_size=\u00bb20px\u00bb global_colors_info=\u00bb{}\u00bb]<\/p>\n<p>Contribuir al crecimiento productivo y comercial de nuestros clientes mediante la venta de equipos y accesorios para refrigeraci\u00f3n, panader\u00eda, carnicer\u00eda, cocci\u00f3n y pesaje de alimentos, ofreciendo asesor\u00eda profesional, servicio t\u00e9cnico especializado y soluciones confiables que aseguren el \u00e9xito de cada negocio.<\/p>\n<p>[\/et_pb_text][\/et_pb_column][et_pb_column type=\u00bb1_2&#8243; _builder_version=\u00bb4.27.4&#8243; _module_preset=\u00bbdefault\u00bb global_colors_info=\u00bb{}\u00bb][et_pb_text _builder_version=\u00bb4.27.4&#8243; _module_preset=\u00bbdefault\u00bb text_font=\u00bbMontserrat|600|||||||\u00bb text_text_color=\u00bb#de1515&#8243; text_font_size=\u00bb24px\u00bb global_colors_info=\u00bb{}\u00bb]<\/p>\n<p>Visi\u00f3n<\/p>\n<p>[\/et_pb_text][et_pb_text _builder_version=\u00bb4.27.4&#8243; _module_preset=\u00bbdefault\u00bb text_font=\u00bbRaleway|300|||||||\u00bb text_font_size=\u00bb20px\u00bb global_colors_info=\u00bb{}\u00bb custom_padding=\u00bb||0px|||\u00bb]<\/p>\n<p>Ser una empresa l\u00edder en el mercado de equipamiento comercial, reconocida por su solidez, innovaci\u00f3n, trato humano y presencia estrat\u00e9gica en el sureste y centro de M\u00e9xico.<\/p>\n<p>[\/et_pb_text][\/et_pb_column][\/et_pb_row][\/et_pb_section][et_pb_section fb_built=\u00bb1&#8243; _builder_version=\u00bb4.27.4&#8243; _module_preset=\u00bbdefault\u00bb global_colors_info=\u00bb{}\u00bb][et_pb_row _builder_version=\u00bb4.27.4&#8243; _module_preset=\u00bbdefault\u00bb global_colors_info=\u00bb{}\u00bb][et_pb_column type=\u00bb4_4&#8243; _builder_version=\u00bb4.27.4&#8243; _module_preset=\u00bbdefault\u00bb global_colors_info=\u00bb{}\u00bb][et_pb_text _builder_version=\u00bb4.27.4&#8243; _module_preset=\u00bbdefault\u00bb text_font=\u00bbMontserrat|600|||||||\u00bb text_text_color=\u00bb#de1515&#8243; text_font_size=\u00bb40px\u00bb text_font_size_tablet=\u00bb40px\u00bb text_font_size_phone=\u00bb30px\u00bb text_font_size_last_edited=\u00bbon|phone\u00bb global_colors_info=\u00bb{}\u00bb]<\/p>\n<p>Nuestros valores<\/p>\n<p>[\/et_pb_text][\/et_pb_column][\/et_pb_row][et_pb_row column_structure=\u00bb1_2,1_2&#8243; _builder_version=\u00bb4.27.4&#8243; _module_preset=\u00bbdefault\u00bb global_colors_info=\u00bb{}\u00bb][et_pb_column type=\u00bb1_2&#8243; _builder_version=\u00bb4.27.4&#8243; _module_preset=\u00bbdefault\u00bb global_colors_info=\u00bb{}\u00bb][et_pb_toggle title=\u00bbInnovaci\u00f3n\u00bb _builder_version=\u00bb4.27.4&#8243; _module_preset=\u00bbdefault\u00bb title_text_color=\u00bb#de1515&#8243; title_font=\u00bbRaleway|500|||||||\u00bb title_font_size=\u00bb20px\u00bb closed_title_font=\u00bbRaleway||||||||\u00bb closed_title_font_size=\u00bb20px\u00bb body_font=\u00bbRaleway|300|||||||\u00bb body_font_size=\u00bb20px\u00bb global_colors_info=\u00bb{}\u00bb]<\/p>\n<p>Buscamos nuevas tecnolog\u00edas y soluciones que mejoren el desempe\u00f1o de nuestros clientes.<\/p>\n<p>[\/et_pb_toggle][et_pb_toggle title=\u00bbResponsabilidad\u00bb _builder_version=\u00bb4.27.4&#8243; _module_preset=\u00bbdefault\u00bb title_text_color=\u00bb#de1515&#8243; title_font=\u00bbRaleway|500|||||||\u00bb title_font_size=\u00bb20px\u00bb closed_title_font=\u00bbRaleway||||||||\u00bb closed_title_font_size=\u00bb20px\u00bb body_font=\u00bbRaleway|300|||||||\u00bb body_font_size=\u00bb20px\u00bb global_colors_info=\u00bb{}\u00bb]<\/p>\n<p>Cumplimos con cada compromiso adquirido, garantizando productos confiables y soporte oportuno.<\/p>\n<p>[\/et_pb_toggle][et_pb_toggle title=\u00bbSeguridad\u00bb _builder_version=\u00bb4.27.4&#8243; _module_preset=\u00bbdefault\u00bb title_text_color=\u00bb#de1515&#8243; title_font=\u00bbRaleway|500|||||||\u00bb title_font_size=\u00bb20px\u00bb closed_title_font=\u00bbRaleway||||||||\u00bb closed_title_font_size=\u00bb20px\u00bb body_font=\u00bbRaleway|300|||||||\u00bb body_font_size=\u00bb20px\u00bb global_colors_info=\u00bb{}\u00bb]<\/p>\n<p>Aplicamos buenas pr\u00e1cticas en todos los procesos para asegurar el funcionamiento seguro de los equipos.<\/p>\n<p>[\/et_pb_toggle][\/et_pb_column][et_pb_column type=\u00bb1_2&#8243; _builder_version=\u00bb4.27.4&#8243; _module_preset=\u00bbdefault\u00bb global_colors_info=\u00bb{}\u00bb][et_pb_toggle title=\u00bbPuntulidad\u00bb _builder_version=\u00bb4.27.4&#8243; _module_preset=\u00bbdefault\u00bb title_text_color=\u00bb#de1515&#8243; title_font=\u00bbRaleway|500|||||||\u00bb title_font_size=\u00bb20px\u00bb closed_title_font=\u00bbRaleway||||||||\u00bb closed_title_font_size=\u00bb20px\u00bb body_font=\u00bbRaleway|300|||||||\u00bb body_font_size=\u00bb20px\u00bb global_colors_info=\u00bb{}\u00bb]<\/p>\n<p>Valoramos el tiempo del cliente, ofreciendo entregas, garant\u00edas y servicios con eficiencia y precisi\u00f3n.<\/p>\n<p>[\/et_pb_toggle][et_pb_toggle title=\u00bbTrabajo en equipo\u00bb _builder_version=\u00bb4.27.4&#8243; _module_preset=\u00bbdefault\u00bb title_text_color=\u00bb#de1515&#8243; title_font=\u00bbRaleway|500|||||||\u00bb title_font_size=\u00bb20px\u00bb closed_title_font=\u00bbRaleway||||||||\u00bb closed_title_font_size=\u00bb20px\u00bb body_font=\u00bbRaleway|300|||||||\u00bb body_font_size=\u00bb20px\u00bb global_colors_info=\u00bb{}\u00bb]<\/p>\n<p>Construimos resultados desde la colaboraci\u00f3n interna y el compromiso mutuo.<\/p>\n<p>[\/et_pb_toggle][et_pb_toggle title=\u00bbIntegridad\u00bb _builder_version=\u00bb4.27.4&#8243; _module_preset=\u00bbdefault\u00bb title_text_color=\u00bb#de1515&#8243; title_font=\u00bbRaleway|500|||||||\u00bb title_font_size=\u00bb20px\u00bb closed_title_font=\u00bbRaleway||||||||\u00bb closed_title_font_size=\u00bb20px\u00bb body_font=\u00bbRaleway|300|||||||\u00bb body_font_size=\u00bb20px\u00bb global_colors_info=\u00bb{}\u00bb]<\/p>\n<p>Actuamos con transparencia y \u00e9tica en cada operaci\u00f3n.<\/p>\n<p>[\/et_pb_toggle][\/et_pb_column][\/et_pb_row][et_pb_row _builder_version=\u00bb4.27.4&#8243; _module_preset=\u00bbdefault\u00bb global_colors_info=\u00bb{}\u00bb][et_pb_column type=\u00bb4_4&#8243; _builder_version=\u00bb4.27.4&#8243; _module_preset=\u00bbdefault\u00bb global_colors_info=\u00bb{}\u00bb][et_pb_text _builder_version=\u00bb4.27.4&#8243; _module_preset=\u00bbdefault\u00bb text_font=\u00bbRaleway|600|||||||\u00bb text_font_size=\u00bb20px\u00bb text_orientation=\u00bbcenter\u00bb global_colors_info=\u00bb{}\u00bb]<\/p>\n<p>Por todo esto, somos la opci\u00f3n m\u00e1s rentable en nuestro giro,<br \/>ac\u00e9rcate y platica con nuestros asesores, ellos te ayudar\u00e1n a<br \/>encontrar la mejor soluci\u00f3n a tu proyecto.<\/p>\n<p>[\/et_pb_text][et_pb_image src=\u00bbhttps:\/\/www.pronego.mx\/home\/wp-content\/uploads\/2025\/03\/logo-pronego.png\u00bb title_text=\u00bblogo-pronego\u00bb align=\u00bbcenter\u00bb _builder_version=\u00bb4.27.4&#8243; _module_preset=\u00bbdefault\u00bb global_colors_info=\u00bb{}\u00bb][\/et_pb_image][\/et_pb_column][\/et_pb_row][\/et_pb_section]<\/p>\n","protected":false},"excerpt":{"rendered":"<p>Qui\u00e9nes somosPRONEGO es una empresa mexicana especializada en la comercializaci\u00f3n de equipos para refrigeraci\u00f3n, cocci\u00f3n, panader\u00eda, carnicer\u00eda y pesaje profesional.Desde hace m\u00e1s de 12 a\u00f1os trabajamos con un compromiso firme: brindar a cada cliente soluciones confiables que impulsen el crecimiento de su negocio. Nuestro enfoque combina asesor\u00eda especializada, equipos de alta calidad y un servicio [&hellip;]<\/p>\n","protected":false},"author":1,"featured_media":0,"parent":0,"menu_order":0,"comment_status":"closed","ping_status":"closed","template":"","meta":{"_acf_changed":false,"_et_pb_use_builder":"on","_et_pb_old_content":"","_et_gb_content_width":"","footnotes":""},"class_list":["post-99","page","type-page","status-publish","hentry"],"acf":[],"_links":{"self":[{"href":"https:\/\/www.pronego.mx\/home\/wp-json\/wp\/v2\/pages\/99","targetHints":{"allow":["GET"]}}],"collection":[{"href":"https:\/\/www.pronego.mx\/home\/wp-json\/wp\/v2\/pages"}],"about":[{"href":"https:\/\/www.pronego.mx\/home\/wp-json\/wp\/v2\/types\/page"}],"author":[{"embeddable":true,"href":"https:\/\/www.pronego.mx\/home\/wp-json\/wp\/v2\/users\/1"}],"replies":[{"embeddable":true,"href":"https:\/\/www.pronego.mx\/home\/wp-json\/wp\/v2\/comments?post=99"}],"version-history":[{"count":9,"href":"https:\/\/www.pronego.mx\/home\/wp-json\/wp\/v2\/pages\/99\/revisions"}],"predecessor-version":[{"id":1436,"href":"https:\/\/www.pronego.mx\/home\/wp-json\/wp\/v2\/pages\/99\/revisions\/1436"}],"wp:attachment":[{"href":"https:\/\/www.pronego.mx\/home\/wp-json\/wp\/v2\/media?parent=99"}],"curies":[{"name":"wp","href":"https:\/\/api.w.org\/{rel}","templated":true}]}}