{"id":1052,"date":"2025-05-28T16:22:33","date_gmt":"2025-05-28T16:22:33","guid":{"rendered":"https:\/\/www.pronego.mx\/home\/?post_type=product&#038;p=1052"},"modified":"2025-10-06T15:53:35","modified_gmt":"2025-10-06T15:53:35","slug":"enfriador-cervecero-para-espacios-reducidos-imbera-modelo-ccv500","status":"publish","type":"product","link":"https:\/\/www.pronego.mx\/home\/producto\/enfriador-cervecero-para-espacios-reducidos-imbera-modelo-ccv500\/","title":{"rendered":"ENFRIADOR CERVECERO PARA ESPACIOS REDUCIDOS IMBERA MODELO CCV500"},"content":{"rendered":"<ul>\n<li>Asegura bebidas siempre fr\u00edas con temperatura constante entre -3\u00b0 y 3\u202f\u00b0C.<\/li>\n<li>Mejora la visibilidad y atractivo del producto gracias a su iluminaci\u00f3n LED.<\/li>\n<li>Reduce el consumo el\u00e9ctrico y mantenimiento con sus motores y condensador eficientes.<\/li>\n<li>Resiste el uso diario con materiales duraderos y puertas de doble vidrio que conservan mejor el fr\u00edo.<\/li>\n<\/ul>\n","protected":false},"excerpt":{"rendered":"<p>Ideal para zonas de alto tr\u00e1fico con poco espacio, este enfriador mantiene las bebidas fr\u00edas, visibles y listas para el consumo, con un gran ahorro de energ\u00eda.<\/p>\n","protected":false},"featured_media":1030,"comment_status":"open","ping_status":"closed","template":"","meta":{"_acf_changed":false,"_et_pb_use_builder":"","_et_pb_old_content":"","_et_gb_content_width":""},"product_brand":[33],"product_cat":[69,21],"product_tag":[],"class_list":{"0":"post-1052","1":"product","2":"type-product","3":"status-publish","4":"has-post-thumbnail","6":"product_brand-imbera","7":"product_cat-enfriadores-cerveceros","8":"product_cat-refrigeracion","10":"first","11":"instock","12":"shipping-taxable","13":"purchasable","14":"product-type-simple"},"acf":[],"_links":{"self":[{"href":"https:\/\/www.pronego.mx\/home\/wp-json\/wp\/v2\/product\/1052","targetHints":{"allow":["GET"]}}],"collection":[{"href":"https:\/\/www.pronego.mx\/home\/wp-json\/wp\/v2\/product"}],"about":[{"href":"https:\/\/www.pronego.mx\/home\/wp-json\/wp\/v2\/types\/product"}],"replies":[{"embeddable":true,"href":"https:\/\/www.pronego.mx\/home\/wp-json\/wp\/v2\/comments?post=1052"}],"wp:featuredmedia":[{"embeddable":true,"href":"https:\/\/www.pronego.mx\/home\/wp-json\/wp\/v2\/media\/1030"}],"wp:attachment":[{"href":"https:\/\/www.pronego.mx\/home\/wp-json\/wp\/v2\/media?parent=1052"}],"wp:term":[{"taxonomy":"product_brand","embeddable":true,"href":"https:\/\/www.pronego.mx\/home\/wp-json\/wp\/v2\/product_brand?post=1052"},{"taxonomy":"product_cat","embeddable":true,"href":"https:\/\/www.pronego.mx\/home\/wp-json\/wp\/v2\/product_cat?post=1052"},{"taxonomy":"product_tag","embeddable":true,"href":"https:\/\/www.pronego.mx\/home\/wp-json\/wp\/v2\/product_tag?post=1052"}],"curies":[{"name":"wp","href":"https:\/\/api.w.org\/{rel}","templated":true}]}}