{"id":1053,"date":"2025-05-28T16:22:33","date_gmt":"2025-05-28T16:22:33","guid":{"rendered":"https:\/\/www.pronego.mx\/home\/?post_type=product&#038;p=1053"},"modified":"2025-10-06T15:53:35","modified_gmt":"2025-10-06T15:53:35","slug":"enfriador-cervecero-doble-puerta-imbera-modelo-ccv900","status":"publish","type":"product","link":"https:\/\/www.pronego.mx\/home\/producto\/enfriador-cervecero-doble-puerta-imbera-modelo-ccv900\/","title":{"rendered":"ENFRIADOR CERVECERO DOBLE PUERTA IMBERA, MODELO CCV900"},"content":{"rendered":"<ul>\n<li>Mantiene bebidas a temperatura ideal entre -4\u202f\u00b0C y 1\u202f\u00b0C para un mejor sabor y conservaci\u00f3n.<\/li>\n<li>Ahorra energ\u00eda y facilita el mantenimiento gracias a sus motores eficientes y tecnolog\u00eda LED.<\/li>\n<li>Ofrece excelente visibilidad de producto con puertas de doble vidrio y luz interior.<\/li>\n<li>Mejora la gesti\u00f3n en el punto de venta con control inteligente y conectividad inal\u00e1mbrica.<\/li>\n<\/ul>\n","protected":false},"excerpt":{"rendered":"<p>Ideal para puntos de venta con alta rotaci\u00f3n, este enfriador cervecero conserva bebidas fr\u00edas, visibles y listas para su consumo, reduciendo el consumo de energ\u00eda y espacio.<\/p>\n","protected":false},"featured_media":1029,"comment_status":"open","ping_status":"closed","template":"","meta":{"_acf_changed":false,"_et_pb_use_builder":"","_et_pb_old_content":"","_et_gb_content_width":""},"product_brand":[33],"product_cat":[21],"product_tag":[],"class_list":{"0":"post-1053","1":"product","2":"type-product","3":"status-publish","4":"has-post-thumbnail","6":"product_brand-imbera","7":"product_cat-refrigeracion","9":"first","10":"instock","11":"shipping-taxable","12":"purchasable","13":"product-type-simple"},"acf":[],"_links":{"self":[{"href":"https:\/\/www.pronego.mx\/home\/wp-json\/wp\/v2\/product\/1053","targetHints":{"allow":["GET"]}}],"collection":[{"href":"https:\/\/www.pronego.mx\/home\/wp-json\/wp\/v2\/product"}],"about":[{"href":"https:\/\/www.pronego.mx\/home\/wp-json\/wp\/v2\/types\/product"}],"replies":[{"embeddable":true,"href":"https:\/\/www.pronego.mx\/home\/wp-json\/wp\/v2\/comments?post=1053"}],"wp:featuredmedia":[{"embeddable":true,"href":"https:\/\/www.pronego.mx\/home\/wp-json\/wp\/v2\/media\/1029"}],"wp:attachment":[{"href":"https:\/\/www.pronego.mx\/home\/wp-json\/wp\/v2\/media?parent=1053"}],"wp:term":[{"taxonomy":"product_brand","embeddable":true,"href":"https:\/\/www.pronego.mx\/home\/wp-json\/wp\/v2\/product_brand?post=1053"},{"taxonomy":"product_cat","embeddable":true,"href":"https:\/\/www.pronego.mx\/home\/wp-json\/wp\/v2\/product_cat?post=1053"},{"taxonomy":"product_tag","embeddable":true,"href":"https:\/\/www.pronego.mx\/home\/wp-json\/wp\/v2\/product_tag?post=1053"}],"curies":[{"name":"wp","href":"https:\/\/api.w.org\/{rel}","templated":true}]}}