{"id":1054,"date":"2025-05-28T16:22:33","date_gmt":"2025-05-28T16:22:33","guid":{"rendered":"https:\/\/www.pronego.mx\/home\/?post_type=product&#038;p=1054"},"modified":"2025-10-06T15:53:35","modified_gmt":"2025-10-06T15:53:35","slug":"enfriador-cervecero-de-tres-puertas-imbera-modelo-ccv-1350","status":"publish","type":"product","link":"https:\/\/www.pronego.mx\/home\/producto\/enfriador-cervecero-de-tres-puertas-imbera-modelo-ccv-1350\/","title":{"rendered":"ENFRIADOR CERVECERO DE TRES PUERTAS IMBERA, MODELO CCV-1350"},"content":{"rendered":"<ul>\n<li>Conserva grandes cantidades de bebidas fr\u00edas entre -4\u202f\u00b0C y 0\u202f\u00b0C de forma constante.<\/li>\n<li>Reduce el consumo de energ\u00eda gracias a motores eficientes, espuma aislante y luz LED.<\/li>\n<li>Mejora la operaci\u00f3n del negocio con control inteligente y monitoreo remoto.<\/li>\n<li>Exhibe mejor tus productos con puertas de vidrio de alta eficiencia y gran iluminaci\u00f3n interior.<\/li>\n<\/ul>\n","protected":false},"excerpt":{"rendered":"<p>Ideal para negocios con alta demanda, este enfriador mantiene grandes vol\u00famenes de producto fr\u00edos y listos para el cliente, con m\u00e1xima eficiencia y visibilidad.<\/p>\n","protected":false},"featured_media":1028,"comment_status":"open","ping_status":"closed","template":"","meta":{"_acf_changed":false,"_et_pb_use_builder":"","_et_pb_old_content":"","_et_gb_content_width":""},"product_brand":[33],"product_cat":[69,21],"product_tag":[],"class_list":{"0":"post-1054","1":"product","2":"type-product","3":"status-publish","4":"has-post-thumbnail","6":"product_brand-imbera","7":"product_cat-enfriadores-cerveceros","8":"product_cat-refrigeracion","10":"first","11":"instock","12":"shipping-taxable","13":"purchasable","14":"product-type-simple"},"acf":[],"_links":{"self":[{"href":"https:\/\/www.pronego.mx\/home\/wp-json\/wp\/v2\/product\/1054","targetHints":{"allow":["GET"]}}],"collection":[{"href":"https:\/\/www.pronego.mx\/home\/wp-json\/wp\/v2\/product"}],"about":[{"href":"https:\/\/www.pronego.mx\/home\/wp-json\/wp\/v2\/types\/product"}],"replies":[{"embeddable":true,"href":"https:\/\/www.pronego.mx\/home\/wp-json\/wp\/v2\/comments?post=1054"}],"wp:featuredmedia":[{"embeddable":true,"href":"https:\/\/www.pronego.mx\/home\/wp-json\/wp\/v2\/media\/1028"}],"wp:attachment":[{"href":"https:\/\/www.pronego.mx\/home\/wp-json\/wp\/v2\/media?parent=1054"}],"wp:term":[{"taxonomy":"product_brand","embeddable":true,"href":"https:\/\/www.pronego.mx\/home\/wp-json\/wp\/v2\/product_brand?post=1054"},{"taxonomy":"product_cat","embeddable":true,"href":"https:\/\/www.pronego.mx\/home\/wp-json\/wp\/v2\/product_cat?post=1054"},{"taxonomy":"product_tag","embeddable":true,"href":"https:\/\/www.pronego.mx\/home\/wp-json\/wp\/v2\/product_tag?post=1054"}],"curies":[{"name":"wp","href":"https:\/\/api.w.org\/{rel}","templated":true}]}}