{"id":1057,"date":"2025-05-28T16:22:33","date_gmt":"2025-05-28T16:22:33","guid":{"rendered":"https:\/\/www.pronego.mx\/home\/?post_type=product&#038;p=1057"},"modified":"2025-10-06T15:53:36","modified_gmt":"2025-10-06T15:53:36","slug":"congelador-vertical-para-producto-congelado-imbera-modelo-vfs-16","status":"publish","type":"product","link":"https:\/\/www.pronego.mx\/home\/producto\/congelador-vertical-para-producto-congelado-imbera-modelo-vfs-16\/","title":{"rendered":"CONGELADOR VERTICAL PARA PRODUCTO CONGELADO IMBERA, MODELO VFS-16"},"content":{"rendered":"<ul>\n<li>Aprovecha mejor el espacio con su dise\u00f1o vertical ideal para pasillos o esquinas.<\/li>\n<li>Mantiene productos congelados listos para la venta con temperatura estable.<\/li>\n<li>Aumenta la visibilidad del producto con iluminaci\u00f3n LED de bajo consumo.<\/li>\n<li>Disminuye gastos operativos con componentes durables y f\u00e1cil mantenimiento.<\/li>\n<\/ul>\n","protected":false},"excerpt":{"rendered":"<p>Perfecto para tiendas con poco espacio, este conservador exhibe y mantiene productos congelados en \u00f3ptimas condiciones, reduciendo el consumo de energ\u00eda y mejorando su presentaci\u00f3n.<\/p>\n","protected":false},"featured_media":1025,"comment_status":"open","ping_status":"closed","template":"","meta":{"_acf_changed":false,"_et_pb_use_builder":"","_et_pb_old_content":"","_et_gb_content_width":""},"product_brand":[33],"product_cat":[66,21],"product_tag":[],"class_list":{"0":"post-1057","1":"product","2":"type-product","3":"status-publish","4":"has-post-thumbnail","6":"product_brand-imbera","7":"product_cat-conservadores","8":"product_cat-refrigeracion","10":"first","11":"instock","12":"featured","13":"shipping-taxable","14":"purchasable","15":"product-type-simple"},"acf":[],"_links":{"self":[{"href":"https:\/\/www.pronego.mx\/home\/wp-json\/wp\/v2\/product\/1057","targetHints":{"allow":["GET"]}}],"collection":[{"href":"https:\/\/www.pronego.mx\/home\/wp-json\/wp\/v2\/product"}],"about":[{"href":"https:\/\/www.pronego.mx\/home\/wp-json\/wp\/v2\/types\/product"}],"replies":[{"embeddable":true,"href":"https:\/\/www.pronego.mx\/home\/wp-json\/wp\/v2\/comments?post=1057"}],"wp:featuredmedia":[{"embeddable":true,"href":"https:\/\/www.pronego.mx\/home\/wp-json\/wp\/v2\/media\/1025"}],"wp:attachment":[{"href":"https:\/\/www.pronego.mx\/home\/wp-json\/wp\/v2\/media?parent=1057"}],"wp:term":[{"taxonomy":"product_brand","embeddable":true,"href":"https:\/\/www.pronego.mx\/home\/wp-json\/wp\/v2\/product_brand?post=1057"},{"taxonomy":"product_cat","embeddable":true,"href":"https:\/\/www.pronego.mx\/home\/wp-json\/wp\/v2\/product_cat?post=1057"},{"taxonomy":"product_tag","embeddable":true,"href":"https:\/\/www.pronego.mx\/home\/wp-json\/wp\/v2\/product_tag?post=1057"}],"curies":[{"name":"wp","href":"https:\/\/api.w.org\/{rel}","templated":true}]}}