{"id":1176,"date":"2025-05-30T19:08:07","date_gmt":"2025-05-30T19:08:07","guid":{"rendered":"https:\/\/www.pronego.mx\/home\/?post_type=product&#038;p=1176"},"modified":"2026-03-05T23:57:23","modified_gmt":"2026-03-05T23:57:23","slug":"horno-turbo-de-conveccion-para-10-charolas-fornissimo-modelo-htf-10","status":"publish","type":"product","link":"https:\/\/www.pronego.mx\/home\/producto\/horno-turbo-de-conveccion-para-10-charolas-fornissimo-modelo-htf-10\/","title":{"rendered":"HORNO TURBO DE CONVECCI\u00d3N PARA 10 CHAROLAS FORNISSIMO MODELO HTF-10"},"content":{"rendered":"<ul>\n<li>Mejora la eficiencia al programar temperatura y tiempos desde su panel digital<\/li>\n<li>Ahorra tiempo en cocci\u00f3n con distribuci\u00f3n uniforme del calor<\/li>\n<li>Aumenta la visibilidad y control con iluminaci\u00f3n interna en la puerta<\/li>\n<li>Funciona muy bien en panader\u00edas, reposter\u00edas y cocinas de producci\u00f3n continua<\/li>\n<\/ul>\n","protected":false},"excerpt":{"rendered":"<p>Optimiza tiempos y calidad de cocci\u00f3n con este horno de convecci\u00f3n con control digital, encendido electr\u00f3nico y excelente aislamiento t\u00e9rmico. Perfecto para negocios que requieren producciones constantes y uniformes.<\/p>\n","protected":false},"featured_media":1152,"comment_status":"open","ping_status":"closed","template":"","meta":{"_acf_changed":false,"_et_pb_use_builder":"","_et_pb_old_content":"","_et_gb_content_width":""},"product_brand":[31],"product_cat":[58,22],"product_tag":[],"class_list":{"0":"post-1176","1":"product","2":"type-product","3":"status-publish","4":"has-post-thumbnail","6":"product_brand-fornissimo","7":"product_cat-hornos-de-conveccion","8":"product_cat-panaderia","10":"first","11":"instock","12":"featured","13":"shipping-taxable","14":"purchasable","15":"product-type-simple"},"acf":[],"_links":{"self":[{"href":"https:\/\/www.pronego.mx\/home\/wp-json\/wp\/v2\/product\/1176","targetHints":{"allow":["GET"]}}],"collection":[{"href":"https:\/\/www.pronego.mx\/home\/wp-json\/wp\/v2\/product"}],"about":[{"href":"https:\/\/www.pronego.mx\/home\/wp-json\/wp\/v2\/types\/product"}],"replies":[{"embeddable":true,"href":"https:\/\/www.pronego.mx\/home\/wp-json\/wp\/v2\/comments?post=1176"}],"wp:featuredmedia":[{"embeddable":true,"href":"https:\/\/www.pronego.mx\/home\/wp-json\/wp\/v2\/media\/1152"}],"wp:attachment":[{"href":"https:\/\/www.pronego.mx\/home\/wp-json\/wp\/v2\/media?parent=1176"}],"wp:term":[{"taxonomy":"product_brand","embeddable":true,"href":"https:\/\/www.pronego.mx\/home\/wp-json\/wp\/v2\/product_brand?post=1176"},{"taxonomy":"product_cat","embeddable":true,"href":"https:\/\/www.pronego.mx\/home\/wp-json\/wp\/v2\/product_cat?post=1176"},{"taxonomy":"product_tag","embeddable":true,"href":"https:\/\/www.pronego.mx\/home\/wp-json\/wp\/v2\/product_tag?post=1176"}],"curies":[{"name":"wp","href":"https:\/\/api.w.org\/{rel}","templated":true}]}}