{"id":1231,"date":"2025-09-19T17:40:59","date_gmt":"2025-09-19T17:40:59","guid":{"rendered":"https:\/\/www.pronego.mx\/home\/?post_type=product&#038;p=1231"},"modified":"2025-12-03T17:01:20","modified_gmt":"2025-12-03T17:01:20","slug":"horno-de-conveccion-de-10-charolas-digitop-2-1","status":"publish","type":"product","link":"https:\/\/www.pronego.mx\/home\/producto\/horno-de-conveccion-de-10-charolas-digitop-2-1\/","title":{"rendered":"HORNO DE CONVECCI\u00d3N DE 10 CHAROLAS DIGITOP 2.1 MODELO DP-HC-10"},"content":{"rendered":"<p>Horno industrial de convecci\u00f3n dise\u00f1ado para procesos de cocci\u00f3n eficientes en panader\u00eda y producci\u00f3n gastron\u00f3mica. <strong>Caracter\u00edsticas<\/strong><\/p>\n<ul>\n<li>Material de construcci\u00f3n interior: Acero inoxidable 430.<\/li>\n<li>Configuraci\u00f3n de f\u00e1brica 10 pares de espigas, las espigas adicionales se venden por separado.Encendido a control digital de temperatura con temporizador.<\/li>\n<li>Sistema de vaporizaci\u00f3n de agua.<\/li>\n<li>Puerta con doble cristal con sistema de articulaci\u00f3n del cristal.<\/li>\n<li>Nueva manija de apertura y cierre con accionamiento a 90\u00b0.<\/li>\n<li>Bandeja de residuos l\u00edquidos.<\/li>\n<li>Cuenta con 2 ruedas de alta temperatura con freno.<\/li>\n<li>Interruptor ON \/ OFF con indicador de luz.<\/li>\n<li>Chimenea redonda compatible con ductor de ventilaci\u00f3n est\u00e1ndar de 8\u201d.<\/li>\n<li>Luz Interior con 4 focos.<\/li>\n<li>Sistema de alarma por falta de suministro de gas o flama.<\/li>\n<li>Tapa de mantenimiento e inspecci\u00f3n lateral de componentes.<\/li>\n<\/ul>\n<p><strong>CARACTERISTICAS DE COCCI\u00d3N<\/strong><\/p>\n<table style=\"width: 566px; height: 165px;\" border=\"\">\n<tbody>\n<tr style=\"height: 47px;\">\n<th style=\"width: 250.109px; height: 47px;\">Consumo de gas:<\/th>\n<td style=\"width: 299.891px; height: 47px;\">1.20kg\/hr a 200\u00b0<\/td>\n<\/tr>\n<tr style=\"height: 47px;\">\n<th style=\"width: 250.109px; height: 47px;\">Motor con ventilador:<\/th>\n<td style=\"width: 299.891px; height: 47px;\">1hp<\/td>\n<\/tr>\n<tr style=\"height: 47px;\">\n<th style=\"width: 250.109px; height: 47px;\">Temperatura<\/th>\n<td style=\"width: 299.891px; height: 47px;\">20\u00b0C a 250\u00b0C<\/td>\n<\/tr>\n<tr>\n<th style=\"width: 250.109px;\">Tiempo precalentado:<\/th>\n<td style=\"width: 299.891px;\">20 minutos<\/td>\n<\/tr>\n<\/tbody>\n<\/table>\n<p>&nbsp;<\/p>\n","protected":false},"excerpt":{"rendered":"<p>Horno industrial de convecci\u00f3n dise\u00f1ado para procesos de cocci\u00f3n eficientes en panader\u00eda y producci\u00f3n gastron\u00f3mica.<\/p>\n","protected":false},"featured_media":1232,"comment_status":"open","ping_status":"closed","template":"","meta":{"_acf_changed":false,"_et_pb_use_builder":"off","_et_pb_old_content":"Horno industrial de convecci\u00f3n dise\u00f1ado para procesos de cocci\u00f3n eficientes en panader\u00eda y producci\u00f3n gastron\u00f3mica.\r\n\r\n<strong>Caracter\u00edsticas<\/strong>\r\n<ul>\r\n \t<li>Material de construcci\u00f3n interior: Acero inoxidable 430.<\/li>\r\n \t<li>Configuraci\u00f3n de f\u00e1brica 10 pares de espigas, las espigas adicionales se venden por separado.Encendido a control digital de temperatura con temporizador.<\/li>\r\n \t<li>Sistema de vaporizaci\u00f3n de agua.<\/li>\r\n \t<li>Puerta con doble cristal con sistema de articulaci\u00f3n del cristal.<\/li>\r\n \t<li>Nueva manija de apertura y cierre con accionamiento a 90\u00b0.<\/li>\r\n \t<li>Bandeja de residuos l\u00edquidos.<\/li>\r\n \t<li>Cuenta con 2 ruedas de alta temperatura con freno.<\/li>\r\n \t<li>Interruptor ON \/ OFF con indicador de luz.<\/li>\r\n \t<li>Chimenea redonda compatible con ductor de ventilaci\u00f3n est\u00e1ndar de 8\u201d.<\/li>\r\n \t<li>Luz Interior con 4 focos.<\/li>\r\n \t<li>Sistema de alarma por falta de suministro de gas o flama.<\/li>\r\n \t<li>Tapa de mantenimiento e inspecci\u00f3n lateral de componentes.<\/li>\r\n<\/ul>\r\n<strong>CARACTERISTICAS DE COCCI\u00d3N<\/strong>\r\n<table style=\"width: 566px;height: 165px\" border=\"\">\r\n<tbody>\r\n<tr style=\"height: 47px\">\r\n<th style=\"width: 250.109px;height: 47px\">Consumo de gas:<\/th>\r\n<td style=\"width: 299.891px;height: 47px\">1.20kg\/hr a 200\u00b0<\/td>\r\n<\/tr>\r\n<tr style=\"height: 47px\">\r\n<th style=\"width: 250.109px;height: 47px\">Motor con ventilador:<\/th>\r\n<td style=\"width: 299.891px;height: 47px\">1hp<\/td>\r\n<\/tr>\r\n<tr style=\"height: 47px\">\r\n<th style=\"width: 250.109px;height: 47px\">Temperatura<\/th>\r\n<td style=\"width: 299.891px;height: 47px\">20\u00b0C a 250\u00b0C<\/td>\r\n<\/tr>\r\n<tr>\r\n<th style=\"width: 250.109px\">Tiempo\r\nprecalentado:<\/th>\r\n<td style=\"width: 299.891px\">20 minutos<\/td>\r\n<\/tr>\r\n<\/tbody>\r\n<\/table>\r\n\u00a0","_et_gb_content_width":""},"product_brand":[30],"product_cat":[58],"product_tag":[],"class_list":{"0":"post-1231","1":"product","2":"type-product","3":"status-publish","4":"has-post-thumbnail","6":"product_brand-digitop","7":"product_cat-hornos-de-conveccion","9":"first","10":"instock","11":"featured","12":"shipping-taxable","13":"purchasable","14":"product-type-simple"},"acf":[],"_links":{"self":[{"href":"https:\/\/www.pronego.mx\/home\/wp-json\/wp\/v2\/product\/1231","targetHints":{"allow":["GET"]}}],"collection":[{"href":"https:\/\/www.pronego.mx\/home\/wp-json\/wp\/v2\/product"}],"about":[{"href":"https:\/\/www.pronego.mx\/home\/wp-json\/wp\/v2\/types\/product"}],"replies":[{"embeddable":true,"href":"https:\/\/www.pronego.mx\/home\/wp-json\/wp\/v2\/comments?post=1231"}],"wp:featuredmedia":[{"embeddable":true,"href":"https:\/\/www.pronego.mx\/home\/wp-json\/wp\/v2\/media\/1232"}],"wp:attachment":[{"href":"https:\/\/www.pronego.mx\/home\/wp-json\/wp\/v2\/media?parent=1231"}],"wp:term":[{"taxonomy":"product_brand","embeddable":true,"href":"https:\/\/www.pronego.mx\/home\/wp-json\/wp\/v2\/product_brand?post=1231"},{"taxonomy":"product_cat","embeddable":true,"href":"https:\/\/www.pronego.mx\/home\/wp-json\/wp\/v2\/product_cat?post=1231"},{"taxonomy":"product_tag","embeddable":true,"href":"https:\/\/www.pronego.mx\/home\/wp-json\/wp\/v2\/product_tag?post=1231"}],"curies":[{"name":"wp","href":"https:\/\/api.w.org\/{rel}","templated":true}]}}