{"id":397,"date":"2025-03-26T17:39:53","date_gmt":"2025-03-26T17:39:53","guid":{"rendered":"https:\/\/www.pronego.mx\/home\/?post_type=product&#038;p=397"},"modified":"2025-10-06T15:53:31","modified_gmt":"2025-10-06T15:53:31","slug":"refrigerador-compacto-de-una-puerta-con-iluminacion-imbera-vr-04","status":"publish","type":"product","link":"https:\/\/www.pronego.mx\/home\/producto\/refrigerador-compacto-de-una-puerta-con-iluminacion-imbera-vr-04\/","title":{"rendered":"ENFRIADOR COMPACTO DE UNA PUERTA CON ILUMINACI\u00d3N, IMBERA, VR-04"},"content":{"rendered":"<ul>\n<li>Aprovecha espacios reducidos con su dise\u00f1o compacto ideal para puntos de venta.<\/li>\n<li>Mantiene la temperatura ideal asegurando la frescura de los productos en todo momento.<\/li>\n<li>Iluminaci\u00f3n LED eficiente que mejora la visibilidad y atractivo de los productos refrigerados.<\/li>\n<li>Parrilla pl\u00e1stica resistente que evita la oxidaci\u00f3n y mantiene su apariencia por m\u00e1s tiempo.<\/li>\n<\/ul>\n","protected":false},"excerpt":{"rendered":"<p>Optimiza tu espacio con este enfriador ideal para puntos de venta. Su tama\u00f1o compacto, puertas de alta eficiencia y control de temperatura electr\u00f3nico garantizan la conservaci\u00f3n \u00f3ptima de los productos. Adem\u00e1s, su parrilla frontal pl\u00e1stica es duradera y resistente al desgaste.<\/p>\n","protected":false},"featured_media":403,"comment_status":"open","ping_status":"closed","template":"","meta":{"_acf_changed":false,"_et_pb_use_builder":"","_et_pb_old_content":"","_et_gb_content_width":""},"product_brand":[33],"product_cat":[41,21],"product_tag":[],"class_list":{"0":"post-397","1":"product","2":"type-product","3":"status-publish","4":"has-post-thumbnail","6":"product_brand-imbera","7":"product_cat-enfriadores","8":"product_cat-refrigeracion","10":"first","11":"instock","12":"shipping-taxable","13":"purchasable","14":"product-type-simple"},"acf":[],"_links":{"self":[{"href":"https:\/\/www.pronego.mx\/home\/wp-json\/wp\/v2\/product\/397","targetHints":{"allow":["GET"]}}],"collection":[{"href":"https:\/\/www.pronego.mx\/home\/wp-json\/wp\/v2\/product"}],"about":[{"href":"https:\/\/www.pronego.mx\/home\/wp-json\/wp\/v2\/types\/product"}],"replies":[{"embeddable":true,"href":"https:\/\/www.pronego.mx\/home\/wp-json\/wp\/v2\/comments?post=397"}],"wp:featuredmedia":[{"embeddable":true,"href":"https:\/\/www.pronego.mx\/home\/wp-json\/wp\/v2\/media\/403"}],"wp:attachment":[{"href":"https:\/\/www.pronego.mx\/home\/wp-json\/wp\/v2\/media?parent=397"}],"wp:term":[{"taxonomy":"product_brand","embeddable":true,"href":"https:\/\/www.pronego.mx\/home\/wp-json\/wp\/v2\/product_brand?post=397"},{"taxonomy":"product_cat","embeddable":true,"href":"https:\/\/www.pronego.mx\/home\/wp-json\/wp\/v2\/product_cat?post=397"},{"taxonomy":"product_tag","embeddable":true,"href":"https:\/\/www.pronego.mx\/home\/wp-json\/wp\/v2\/product_tag?post=397"}],"curies":[{"name":"wp","href":"https:\/\/api.w.org\/{rel}","templated":true}]}}