{"id":455,"date":"2025-04-15T20:02:13","date_gmt":"2025-04-15T20:02:13","guid":{"rendered":"https:\/\/www.pronego.mx\/home\/?post_type=product&#038;p=455"},"modified":"2026-03-05T23:58:27","modified_gmt":"2026-03-05T23:58:27","slug":"palomera-8-onzas-international-modelo-pm-8","status":"publish","type":"product","link":"https:\/\/www.pronego.mx\/home\/producto\/palomera-8-onzas-international-modelo-pm-8\/","title":{"rendered":"PALOMERA 8 ONZAS INTERNATIONAL MODELO PM-8"},"content":{"rendered":"<ul>\n<li>Fabricada en acero inoxidable y acr\u00edlico de gran resistencia, perfecta para uso intensivo.<\/li>\n<li>Iluminaci\u00f3n interna que realza la presentaci\u00f3n y conserva el calor del producto por m\u00e1s tiempo.<\/li>\n<li>Resistencias potentes de 750 y 1250 W a 127 V para una cocci\u00f3n r\u00e1pida y uniforme.<\/li>\n<\/ul>\n","protected":false},"excerpt":{"rendered":"<p>Ideal para cafeter\u00edas o eventos. Con capacidad de 8 oz, fabricada en acero inoxidable y acr\u00edlico resistente. Calienta r\u00e1pido con resistencias de 750 y 1250 W a 127 V. Su iluminaci\u00f3n interna realza el producto y mantiene su temperatura por m\u00e1s tiempo. Incluye cuchar\u00f3n para ma\u00edz.<\/p>\n","protected":false},"featured_media":437,"comment_status":"open","ping_status":"closed","template":"","meta":{"_acf_changed":false,"_et_pb_use_builder":"","_et_pb_old_content":"","_et_gb_content_width":""},"product_brand":[34],"product_cat":[25,60],"product_tag":[],"class_list":{"0":"post-455","1":"product","2":"type-product","3":"status-publish","4":"has-post-thumbnail","6":"product_brand-international","7":"product_cat-cafeteria-y-snacks","8":"product_cat-palomeras","10":"first","11":"instock","12":"shipping-taxable","13":"purchasable","14":"product-type-simple"},"acf":[],"_links":{"self":[{"href":"https:\/\/www.pronego.mx\/home\/wp-json\/wp\/v2\/product\/455","targetHints":{"allow":["GET"]}}],"collection":[{"href":"https:\/\/www.pronego.mx\/home\/wp-json\/wp\/v2\/product"}],"about":[{"href":"https:\/\/www.pronego.mx\/home\/wp-json\/wp\/v2\/types\/product"}],"replies":[{"embeddable":true,"href":"https:\/\/www.pronego.mx\/home\/wp-json\/wp\/v2\/comments?post=455"}],"wp:featuredmedia":[{"embeddable":true,"href":"https:\/\/www.pronego.mx\/home\/wp-json\/wp\/v2\/media\/437"}],"wp:attachment":[{"href":"https:\/\/www.pronego.mx\/home\/wp-json\/wp\/v2\/media?parent=455"}],"wp:term":[{"taxonomy":"product_brand","embeddable":true,"href":"https:\/\/www.pronego.mx\/home\/wp-json\/wp\/v2\/product_brand?post=455"},{"taxonomy":"product_cat","embeddable":true,"href":"https:\/\/www.pronego.mx\/home\/wp-json\/wp\/v2\/product_cat?post=455"},{"taxonomy":"product_tag","embeddable":true,"href":"https:\/\/www.pronego.mx\/home\/wp-json\/wp\/v2\/product_tag?post=455"}],"curies":[{"name":"wp","href":"https:\/\/api.w.org\/{rel}","templated":true}]}}