{"id":459,"date":"2025-04-15T20:02:13","date_gmt":"2025-04-15T20:02:13","guid":{"rendered":"https:\/\/www.pronego.mx\/home\/?post_type=product&#038;p=459"},"modified":"2026-03-06T15:00:53","modified_gmt":"2026-03-06T15:00:53","slug":"exprimidor-de-jugo-international-modelo-ej-4","status":"publish","type":"product","link":"https:\/\/www.pronego.mx\/home\/producto\/exprimidor-de-jugo-international-modelo-ej-4\/","title":{"rendered":"EXPRIMIDOR DE JUGO INTERNATIONAL MODELO EJ-4"},"content":{"rendered":"<ul>\n<li>Aumenta tus ganancias al preparar hasta 90 litros de jugo por hora sin interrupciones.<\/li>\n<li>Optimiza tu operaci\u00f3n con uso continuo de hasta 2 horas antes de descansar.<\/li>\n<li>Mejora la higiene y presentaci\u00f3n con su dise\u00f1o f\u00e1cil de limpiar y usar.<\/li>\n<li>Ideal para juguer\u00edas, cafeter\u00edas y restaurantes con alta demanda de bebidas.<\/li>\n<\/ul>\n","protected":false},"excerpt":{"rendered":"<p>Maximiza tus ventas con este exprimidor de alto rendimiento, ideal para preparar jugos frescos de manera r\u00e1pida, continua y sin complicaciones. F\u00e1cil de usar, limpiar y perfecto para negocios con gran demanda.<\/p>\n","protected":false},"featured_media":440,"comment_status":"open","ping_status":"closed","template":"","meta":{"_acf_changed":false,"_et_pb_use_builder":"","_et_pb_old_content":"","_et_gb_content_width":""},"product_brand":[34],"product_cat":[25,62],"product_tag":[],"class_list":{"0":"post-459","1":"product","2":"type-product","3":"status-publish","4":"has-post-thumbnail","6":"product_brand-international","7":"product_cat-cafeteria-y-snacks","8":"product_cat-exprimidores-y-extractores","10":"first","11":"instock","12":"shipping-taxable","13":"purchasable","14":"product-type-simple"},"acf":[],"_links":{"self":[{"href":"https:\/\/www.pronego.mx\/home\/wp-json\/wp\/v2\/product\/459","targetHints":{"allow":["GET"]}}],"collection":[{"href":"https:\/\/www.pronego.mx\/home\/wp-json\/wp\/v2\/product"}],"about":[{"href":"https:\/\/www.pronego.mx\/home\/wp-json\/wp\/v2\/types\/product"}],"replies":[{"embeddable":true,"href":"https:\/\/www.pronego.mx\/home\/wp-json\/wp\/v2\/comments?post=459"}],"wp:featuredmedia":[{"embeddable":true,"href":"https:\/\/www.pronego.mx\/home\/wp-json\/wp\/v2\/media\/440"}],"wp:attachment":[{"href":"https:\/\/www.pronego.mx\/home\/wp-json\/wp\/v2\/media?parent=459"}],"wp:term":[{"taxonomy":"product_brand","embeddable":true,"href":"https:\/\/www.pronego.mx\/home\/wp-json\/wp\/v2\/product_brand?post=459"},{"taxonomy":"product_cat","embeddable":true,"href":"https:\/\/www.pronego.mx\/home\/wp-json\/wp\/v2\/product_cat?post=459"},{"taxonomy":"product_tag","embeddable":true,"href":"https:\/\/www.pronego.mx\/home\/wp-json\/wp\/v2\/product_tag?post=459"}],"curies":[{"name":"wp","href":"https:\/\/api.w.org\/{rel}","templated":true}]}}