{"id":493,"date":"2025-04-16T19:37:03","date_gmt":"2025-04-16T19:37:03","guid":{"rendered":"https:\/\/www.pronego.mx\/home\/?post_type=product&#038;p=493"},"modified":"2026-03-06T17:18:32","modified_gmt":"2026-03-06T17:18:32","slug":"plancha-a-gas-2-quemadores-coriat-modelo-cv-2-master-linea-trend","status":"publish","type":"product","link":"https:\/\/www.pronego.mx\/home\/producto\/plancha-a-gas-2-quemadores-coriat-modelo-cv-2-master-linea-trend\/","title":{"rendered":"PLANCHA A GAS 2 QUEMADORES CORIAT, MODELO CV-2 M\u00c1STER L\u00cdNEA TREND"},"content":{"rendered":"<ul>\n<li>Acelera la cocci\u00f3n uniforme gracias a su plancha de acero de gran espesor y alta retenci\u00f3n t\u00e9rmica.<\/li>\n<li>Rinde en alto volumen con quemadores de gran poder ideales para cocinas r\u00e1pidas.<\/li>\n<li>Simplifica la limpieza diaria con charolas recolectoras que facilitan el mantenimiento.<\/li>\n<li>Opera con seguridad y control mediante v\u00e1lvulas certificadas y perillas con aislamiento t\u00e9rmico.<\/li>\n<\/ul>\n","protected":false},"excerpt":{"rendered":"<p>Prepara alimentos de forma r\u00e1pida y uniforme con esta plancha de gran capacidad t\u00e9rmica. Su estructura robusta y quemadores tipo \u201cU\u201d aseguran un calentamiento eficiente. Ideal para negocios de comida r\u00e1pida que requieren velocidad, resistencia y facilidad de limpieza.<\/p>\n","protected":false},"featured_media":424,"comment_status":"open","ping_status":"closed","template":"","meta":{"_acf_changed":false,"_et_pb_use_builder":"","_et_pb_old_content":"","_et_gb_content_width":""},"product_brand":[29],"product_cat":[24,55],"product_tag":[],"class_list":{"0":"post-493","1":"product","2":"type-product","3":"status-publish","4":"has-post-thumbnail","6":"product_brand-coriat","7":"product_cat-coccion","8":"product_cat-planchas","10":"first","11":"instock","12":"sale","13":"shipping-taxable","14":"purchasable","15":"product-type-simple"},"acf":[],"_links":{"self":[{"href":"https:\/\/www.pronego.mx\/home\/wp-json\/wp\/v2\/product\/493","targetHints":{"allow":["GET"]}}],"collection":[{"href":"https:\/\/www.pronego.mx\/home\/wp-json\/wp\/v2\/product"}],"about":[{"href":"https:\/\/www.pronego.mx\/home\/wp-json\/wp\/v2\/types\/product"}],"replies":[{"embeddable":true,"href":"https:\/\/www.pronego.mx\/home\/wp-json\/wp\/v2\/comments?post=493"}],"wp:featuredmedia":[{"embeddable":true,"href":"https:\/\/www.pronego.mx\/home\/wp-json\/wp\/v2\/media\/424"}],"wp:attachment":[{"href":"https:\/\/www.pronego.mx\/home\/wp-json\/wp\/v2\/media?parent=493"}],"wp:term":[{"taxonomy":"product_brand","embeddable":true,"href":"https:\/\/www.pronego.mx\/home\/wp-json\/wp\/v2\/product_brand?post=493"},{"taxonomy":"product_cat","embeddable":true,"href":"https:\/\/www.pronego.mx\/home\/wp-json\/wp\/v2\/product_cat?post=493"},{"taxonomy":"product_tag","embeddable":true,"href":"https:\/\/www.pronego.mx\/home\/wp-json\/wp\/v2\/product_tag?post=493"}],"curies":[{"name":"wp","href":"https:\/\/api.w.org\/{rel}","templated":true}]}}