{"id":499,"date":"2025-04-16T19:37:03","date_gmt":"2025-04-16T19:37:03","guid":{"rendered":"https:\/\/www.pronego.mx\/home\/?post_type=product&#038;p=499"},"modified":"2026-03-06T16:45:56","modified_gmt":"2026-03-06T16:45:56","slug":"fogon-a-gas-2-secciones-con-2-quemadores-coriat-modelo-ec-2t-master-linea-premium","status":"publish","type":"product","link":"https:\/\/www.pronego.mx\/home\/producto\/fogon-a-gas-2-secciones-con-2-quemadores-coriat-modelo-ec-2t-master-linea-premium\/","title":{"rendered":"FOG\u00d3N A GAS 2 SECCIONES CON 2 QUEMADORES CORIAT, MODELO EC-2T MASTER L\u00cdNEA PREMIUM"},"content":{"rendered":"<ul>\n<li>Acelera el calentamiento de grandes ollas con quemadores de alto poder en cada secci\u00f3n.<\/li>\n<li>Resiste el uso intensivo diario gracias a su construcci\u00f3n robusta en acero e hierro fundido.<\/li>\n<li>Ofrece seguridad y control preciso con v\u00e1lvulas certificadas y perillas aisladas t\u00e9rmicamente.<\/li>\n<li>Facilita el mantenimiento con charolas recolectoras que mantienen la zona de trabajo limpia.<\/li>\n<\/ul>\n","protected":false},"excerpt":{"rendered":"<p>Fog\u00f3n Coriat, ideal para calentar grandes vol\u00famenes con rapidez, dise\u00f1ado para alto rendimiento en cocinas profesionales. Con potentes quemadores conc\u00e9ntricos, parrillas de hierro fundido y estructura en acero inoxidable, es el aliado perfecto para preparaciones exigentes.<\/p>\n","protected":false},"featured_media":417,"comment_status":"open","ping_status":"closed","template":"","meta":{"_acf_changed":false,"_et_pb_use_builder":"","_et_pb_old_content":"","_et_gb_content_width":""},"product_brand":[29],"product_cat":[24,83],"product_tag":[],"class_list":{"0":"post-499","1":"product","2":"type-product","3":"status-publish","4":"has-post-thumbnail","6":"product_brand-coriat","7":"product_cat-coccion","8":"product_cat-estufones","10":"first","11":"instock","12":"shipping-taxable","13":"purchasable","14":"product-type-simple"},"acf":[],"_links":{"self":[{"href":"https:\/\/www.pronego.mx\/home\/wp-json\/wp\/v2\/product\/499","targetHints":{"allow":["GET"]}}],"collection":[{"href":"https:\/\/www.pronego.mx\/home\/wp-json\/wp\/v2\/product"}],"about":[{"href":"https:\/\/www.pronego.mx\/home\/wp-json\/wp\/v2\/types\/product"}],"replies":[{"embeddable":true,"href":"https:\/\/www.pronego.mx\/home\/wp-json\/wp\/v2\/comments?post=499"}],"wp:featuredmedia":[{"embeddable":true,"href":"https:\/\/www.pronego.mx\/home\/wp-json\/wp\/v2\/media\/417"}],"wp:attachment":[{"href":"https:\/\/www.pronego.mx\/home\/wp-json\/wp\/v2\/media?parent=499"}],"wp:term":[{"taxonomy":"product_brand","embeddable":true,"href":"https:\/\/www.pronego.mx\/home\/wp-json\/wp\/v2\/product_brand?post=499"},{"taxonomy":"product_cat","embeddable":true,"href":"https:\/\/www.pronego.mx\/home\/wp-json\/wp\/v2\/product_cat?post=499"},{"taxonomy":"product_tag","embeddable":true,"href":"https:\/\/www.pronego.mx\/home\/wp-json\/wp\/v2\/product_tag?post=499"}],"curies":[{"name":"wp","href":"https:\/\/api.w.org\/{rel}","templated":true}]}}