{"id":527,"date":"2025-04-21T20:12:00","date_gmt":"2025-04-21T20:12:00","guid":{"rendered":"https:\/\/www.pronego.mx\/home\/?post_type=product&#038;p=527"},"modified":"2025-10-06T15:53:32","modified_gmt":"2025-10-06T15:53:32","slug":"conservador-para-hielo-de-60-bolsas-friocima-modelo-fcc-60-2","status":"publish","type":"product","link":"https:\/\/www.pronego.mx\/home\/producto\/conservador-para-hielo-de-60-bolsas-friocima-modelo-fcc-60-2\/","title":{"rendered":"CONSERVADOR PARA HIELO DE 60 BOLSAS FRIOCIMA MODELO FCC-60-2"},"content":{"rendered":"<ul>\n<li>Protege el inventario de hielo con puerta s\u00f3lida y sistema para candado.<\/li>\n<li>Conserva el fr\u00edo por m\u00e1s tiempo gracias a su aislamiento ecol\u00f3gico.<\/li>\n<li>Optimiza el espacio de exhibici\u00f3n con capacidad para 60 bolsas de 5 kg.<\/li>\n<li>Aprovecha su dise\u00f1o exterior para mostrar promociones o marca.<\/li>\n<\/ul>\n","protected":false},"excerpt":{"rendered":"<p>Ideal para mantener bolsas de hielo en \u00f3ptimas condiciones, con dise\u00f1o resistente, f\u00e1cil mantenimiento y espacio para promoci\u00f3n visual.<\/p>\n","protected":false},"featured_media":519,"comment_status":"open","ping_status":"closed","template":"","meta":{"_acf_changed":false,"_et_pb_use_builder":"","_et_pb_old_content":"","_et_gb_content_width":""},"product_brand":[32],"product_cat":[65,21],"product_tag":[],"class_list":{"0":"post-527","1":"product","2":"type-product","3":"status-publish","4":"has-post-thumbnail","6":"product_brand-friocima","7":"product_cat-conservadores-para-hielo","8":"product_cat-refrigeracion","10":"first","11":"instock","12":"shipping-taxable","13":"purchasable","14":"product-type-simple"},"acf":[],"_links":{"self":[{"href":"https:\/\/www.pronego.mx\/home\/wp-json\/wp\/v2\/product\/527","targetHints":{"allow":["GET"]}}],"collection":[{"href":"https:\/\/www.pronego.mx\/home\/wp-json\/wp\/v2\/product"}],"about":[{"href":"https:\/\/www.pronego.mx\/home\/wp-json\/wp\/v2\/types\/product"}],"replies":[{"embeddable":true,"href":"https:\/\/www.pronego.mx\/home\/wp-json\/wp\/v2\/comments?post=527"}],"wp:featuredmedia":[{"embeddable":true,"href":"https:\/\/www.pronego.mx\/home\/wp-json\/wp\/v2\/media\/519"}],"wp:attachment":[{"href":"https:\/\/www.pronego.mx\/home\/wp-json\/wp\/v2\/media?parent=527"}],"wp:term":[{"taxonomy":"product_brand","embeddable":true,"href":"https:\/\/www.pronego.mx\/home\/wp-json\/wp\/v2\/product_brand?post=527"},{"taxonomy":"product_cat","embeddable":true,"href":"https:\/\/www.pronego.mx\/home\/wp-json\/wp\/v2\/product_cat?post=527"},{"taxonomy":"product_tag","embeddable":true,"href":"https:\/\/www.pronego.mx\/home\/wp-json\/wp\/v2\/product_tag?post=527"}],"curies":[{"name":"wp","href":"https:\/\/api.w.org\/{rel}","templated":true}]}}