{"id":537,"date":"2025-04-23T17:11:07","date_gmt":"2025-04-23T17:11:07","guid":{"rendered":"https:\/\/www.pronego.mx\/home\/?post_type=product&#038;p=537"},"modified":"2026-03-04T16:19:45","modified_gmt":"2026-03-04T16:19:45","slug":"refrigerador-comercial-de-1-puerta-metalfrio-modelo-rb-270","status":"publish","type":"product","link":"https:\/\/www.pronego.mx\/home\/producto\/refrigerador-comercial-de-1-puerta-metalfrio-modelo-rb-270\/","title":{"rendered":"ENFRIADOR COMERCIAL DE 1 PUERTA METALFRIO MODELO RB-270"},"content":{"rendered":"<ul>\n<li>Mejora la visibilidad de tus productos con iluminaci\u00f3n LED de alta intensidad.<\/li>\n<li>Agiliza el monitoreo con control frontal que muestra la temperatura en todo momento.<\/li>\n<li>Aumenta la durabilidad con parrillas resistentes con recubrimiento ep\u00f3xico.<\/li>\n<li>Optimiza espacios promocionales con dise\u00f1o ergon\u00f3mico y \u00e1rea para tu marca.<\/li>\n<\/ul>\n","protected":false},"excerpt":{"rendered":"<p>Ideal para exhibir y conservar bebidas y alimentos fr\u00edos. El enfriador Metalfrio combina dise\u00f1o moderno, iluminaci\u00f3n LED y control inteligente para una operaci\u00f3n eficiente y atractiva para tus clientes.<\/p>\n","protected":false},"featured_media":606,"comment_status":"open","ping_status":"closed","template":"","meta":{"_acf_changed":false,"_et_pb_use_builder":"","_et_pb_old_content":"","_et_gb_content_width":""},"product_brand":[36],"product_cat":[41,21],"product_tag":[],"class_list":{"0":"post-537","1":"product","2":"type-product","3":"status-publish","4":"has-post-thumbnail","6":"product_brand-metalfrio","7":"product_cat-enfriadores","8":"product_cat-refrigeracion","10":"first","11":"instock","12":"shipping-taxable","13":"purchasable","14":"product-type-simple"},"acf":[],"_links":{"self":[{"href":"https:\/\/www.pronego.mx\/home\/wp-json\/wp\/v2\/product\/537","targetHints":{"allow":["GET"]}}],"collection":[{"href":"https:\/\/www.pronego.mx\/home\/wp-json\/wp\/v2\/product"}],"about":[{"href":"https:\/\/www.pronego.mx\/home\/wp-json\/wp\/v2\/types\/product"}],"replies":[{"embeddable":true,"href":"https:\/\/www.pronego.mx\/home\/wp-json\/wp\/v2\/comments?post=537"}],"wp:featuredmedia":[{"embeddable":true,"href":"https:\/\/www.pronego.mx\/home\/wp-json\/wp\/v2\/media\/606"}],"wp:attachment":[{"href":"https:\/\/www.pronego.mx\/home\/wp-json\/wp\/v2\/media?parent=537"}],"wp:term":[{"taxonomy":"product_brand","embeddable":true,"href":"https:\/\/www.pronego.mx\/home\/wp-json\/wp\/v2\/product_brand?post=537"},{"taxonomy":"product_cat","embeddable":true,"href":"https:\/\/www.pronego.mx\/home\/wp-json\/wp\/v2\/product_cat?post=537"},{"taxonomy":"product_tag","embeddable":true,"href":"https:\/\/www.pronego.mx\/home\/wp-json\/wp\/v2\/product_tag?post=537"}],"curies":[{"name":"wp","href":"https:\/\/api.w.org\/{rel}","templated":true}]}}