{"id":538,"date":"2025-04-23T17:11:07","date_gmt":"2025-04-23T17:11:07","guid":{"rendered":"https:\/\/www.pronego.mx\/home\/?post_type=product&#038;p=538"},"modified":"2026-03-04T16:28:43","modified_gmt":"2026-03-04T16:28:43","slug":"refrigerador-comercial-de-doble-puertas-metalfrio-modelo-800-2p","status":"publish","type":"product","link":"https:\/\/www.pronego.mx\/home\/producto\/refrigerador-comercial-de-doble-puertas-metalfrio-modelo-800-2p\/","title":{"rendered":"ENFRIADOR COMERCIAL DE DOBLE PUERTAS METALFRIO MODELO 800-2P"},"content":{"rendered":"<ul>\n<li>Exhibe m\u00e1s productos con su dise\u00f1o de doble puerta y gran capacidad interior.<\/li>\n<li>Reduce tiempos de limpieza gracias al condensador de bajo mantenimiento.<\/li>\n<li>Mejora la presentaci\u00f3n con luz LED intensa y visibilidad total del interior.<\/li>\n<li>Facilita la operaci\u00f3n con control electr\u00f3nico y temperatura siempre visible.<\/li>\n<\/ul>\n","protected":false},"excerpt":{"rendered":"<p>Perfecto para exhibir gran volumen de productos fr\u00edos, el enfriador Metalfrio ofrece doble puerta con cristal eficiente, iluminaci\u00f3n LED y control electr\u00f3nico visible. Su dise\u00f1o moderno incluye espacio para promociones y condensador de bajo mantenimiento.<\/p>\n","protected":false},"featured_media":604,"comment_status":"open","ping_status":"closed","template":"","meta":{"_acf_changed":false,"_et_pb_use_builder":"","_et_pb_old_content":"","_et_gb_content_width":""},"product_brand":[36],"product_cat":[41,21],"product_tag":[],"class_list":{"0":"post-538","1":"product","2":"type-product","3":"status-publish","4":"has-post-thumbnail","6":"product_brand-metalfrio","7":"product_cat-enfriadores","8":"product_cat-refrigeracion","10":"first","11":"instock","12":"shipping-taxable","13":"purchasable","14":"product-type-simple"},"acf":[],"_links":{"self":[{"href":"https:\/\/www.pronego.mx\/home\/wp-json\/wp\/v2\/product\/538","targetHints":{"allow":["GET"]}}],"collection":[{"href":"https:\/\/www.pronego.mx\/home\/wp-json\/wp\/v2\/product"}],"about":[{"href":"https:\/\/www.pronego.mx\/home\/wp-json\/wp\/v2\/types\/product"}],"replies":[{"embeddable":true,"href":"https:\/\/www.pronego.mx\/home\/wp-json\/wp\/v2\/comments?post=538"}],"wp:featuredmedia":[{"embeddable":true,"href":"https:\/\/www.pronego.mx\/home\/wp-json\/wp\/v2\/media\/604"}],"wp:attachment":[{"href":"https:\/\/www.pronego.mx\/home\/wp-json\/wp\/v2\/media?parent=538"}],"wp:term":[{"taxonomy":"product_brand","embeddable":true,"href":"https:\/\/www.pronego.mx\/home\/wp-json\/wp\/v2\/product_brand?post=538"},{"taxonomy":"product_cat","embeddable":true,"href":"https:\/\/www.pronego.mx\/home\/wp-json\/wp\/v2\/product_cat?post=538"},{"taxonomy":"product_tag","embeddable":true,"href":"https:\/\/www.pronego.mx\/home\/wp-json\/wp\/v2\/product_tag?post=538"}],"curies":[{"name":"wp","href":"https:\/\/api.w.org\/{rel}","templated":true}]}}