{"id":540,"date":"2025-04-23T17:11:07","date_gmt":"2025-04-23T17:11:07","guid":{"rendered":"https:\/\/www.pronego.mx\/home\/?post_type=product&#038;p=540"},"modified":"2026-03-04T16:47:22","modified_gmt":"2026-03-04T16:47:22","slug":"congelador-con-puerta-de-cristal-curvo-metalfrio-modelo-chc-200","status":"publish","type":"product","link":"https:\/\/www.pronego.mx\/home\/producto\/congelador-con-puerta-de-cristal-curvo-metalfrio-modelo-chc-200\/","title":{"rendered":"CONSERVADOR CON PUERTA DE CRISTAL CURVO METALFRIO MODELO CHC-200"},"content":{"rendered":"<ul>\n<li>Mejora la exhibici\u00f3n con cristal curvo y puertas deslizables que permiten una f\u00e1cil visualizaci\u00f3n del producto.<\/li>\n<li>Aumenta la seguridad con cerradura integrada y juego de llaves para un mejor control del acceso.<\/li>\n<li>Facilita el mantenimiento gracias a su gabinete interno con esquinas redondeadas que se limpian f\u00e1cilmente.<\/li>\n<li>Optimiza el almacenamiento con canastillas ep\u00f3xicas y ruedas resistentes para reubicarlo sin esfuerzo.<\/li>\n<\/ul>\n","protected":false},"excerpt":{"rendered":"<p>Mant\u00e9n tus productos congelados siempre visibles y organizados con el conservador Metalfrio de cristal curvo. Su dise\u00f1o eficiente con puertas deslizables, ruedas resistentes y canastillas interiores lo hacen ideal para tiendas, minis\u00fapers o cualquier punto de venta.<\/p>\n","protected":false},"featured_media":603,"comment_status":"open","ping_status":"closed","template":"","meta":{"_acf_changed":false,"_et_pb_use_builder":"","_et_pb_old_content":"","_et_gb_content_width":""},"product_brand":[36],"product_cat":[66,21],"product_tag":[],"class_list":{"0":"post-540","1":"product","2":"type-product","3":"status-publish","4":"has-post-thumbnail","6":"product_brand-metalfrio","7":"product_cat-conservadores","8":"product_cat-refrigeracion","10":"first","11":"instock","12":"shipping-taxable","13":"purchasable","14":"product-type-simple"},"acf":[],"_links":{"self":[{"href":"https:\/\/www.pronego.mx\/home\/wp-json\/wp\/v2\/product\/540","targetHints":{"allow":["GET"]}}],"collection":[{"href":"https:\/\/www.pronego.mx\/home\/wp-json\/wp\/v2\/product"}],"about":[{"href":"https:\/\/www.pronego.mx\/home\/wp-json\/wp\/v2\/types\/product"}],"replies":[{"embeddable":true,"href":"https:\/\/www.pronego.mx\/home\/wp-json\/wp\/v2\/comments?post=540"}],"wp:featuredmedia":[{"embeddable":true,"href":"https:\/\/www.pronego.mx\/home\/wp-json\/wp\/v2\/media\/603"}],"wp:attachment":[{"href":"https:\/\/www.pronego.mx\/home\/wp-json\/wp\/v2\/media?parent=540"}],"wp:term":[{"taxonomy":"product_brand","embeddable":true,"href":"https:\/\/www.pronego.mx\/home\/wp-json\/wp\/v2\/product_brand?post=540"},{"taxonomy":"product_cat","embeddable":true,"href":"https:\/\/www.pronego.mx\/home\/wp-json\/wp\/v2\/product_cat?post=540"},{"taxonomy":"product_tag","embeddable":true,"href":"https:\/\/www.pronego.mx\/home\/wp-json\/wp\/v2\/product_tag?post=540"}],"curies":[{"name":"wp","href":"https:\/\/api.w.org\/{rel}","templated":true}]}}