{"id":541,"date":"2025-04-23T17:11:07","date_gmt":"2025-04-23T17:11:07","guid":{"rendered":"https:\/\/www.pronego.mx\/home\/?post_type=product&#038;p=541"},"modified":"2026-03-04T16:47:45","modified_gmt":"2026-03-04T16:47:45","slug":"congelador-de-helado-con-puerta-de-cristal-curvo-metalfrio-modelo-chc-300","status":"publish","type":"product","link":"https:\/\/www.pronego.mx\/home\/producto\/congelador-de-helado-con-puerta-de-cristal-curvo-metalfrio-modelo-chc-300\/","title":{"rendered":"CONSERVADOR DE HELADO CON PUERTA DE CRISTAL CURVO METALFRIO MODELO CHC-300"},"content":{"rendered":"<ul>\n<li>Mantiene el helado a la temperatura adecuada con su termostato mec\u00e1nico.<\/li>\n<li>Aumenta la seguridad del producto gracias a su cerradura con llaves.<\/li>\n<li>Facilita la limpieza diaria con esquinas internas redondeadas.<\/li>\n<li>Ofrece gran movilidad con ruedas resistentes para reubicaci\u00f3n sin esfuerzo.<\/li>\n<\/ul>\n","protected":false},"excerpt":{"rendered":"<p>Perfecto para conservar y exhibir helado en tiendas o helader\u00edas. Su dise\u00f1o pr\u00e1ctico y eficiente facilita el acceso, la limpieza y el resguardo seguro del producto.<\/p>\n","protected":false},"featured_media":602,"comment_status":"open","ping_status":"closed","template":"","meta":{"_acf_changed":false,"_et_pb_use_builder":"","_et_pb_old_content":"","_et_gb_content_width":""},"product_brand":[36],"product_cat":[66,21],"product_tag":[],"class_list":{"0":"post-541","1":"product","2":"type-product","3":"status-publish","4":"has-post-thumbnail","6":"product_brand-metalfrio","7":"product_cat-conservadores","8":"product_cat-refrigeracion","10":"first","11":"instock","12":"shipping-taxable","13":"purchasable","14":"product-type-simple"},"acf":[],"_links":{"self":[{"href":"https:\/\/www.pronego.mx\/home\/wp-json\/wp\/v2\/product\/541","targetHints":{"allow":["GET"]}}],"collection":[{"href":"https:\/\/www.pronego.mx\/home\/wp-json\/wp\/v2\/product"}],"about":[{"href":"https:\/\/www.pronego.mx\/home\/wp-json\/wp\/v2\/types\/product"}],"replies":[{"embeddable":true,"href":"https:\/\/www.pronego.mx\/home\/wp-json\/wp\/v2\/comments?post=541"}],"wp:featuredmedia":[{"embeddable":true,"href":"https:\/\/www.pronego.mx\/home\/wp-json\/wp\/v2\/media\/602"}],"wp:attachment":[{"href":"https:\/\/www.pronego.mx\/home\/wp-json\/wp\/v2\/media?parent=541"}],"wp:term":[{"taxonomy":"product_brand","embeddable":true,"href":"https:\/\/www.pronego.mx\/home\/wp-json\/wp\/v2\/product_brand?post=541"},{"taxonomy":"product_cat","embeddable":true,"href":"https:\/\/www.pronego.mx\/home\/wp-json\/wp\/v2\/product_cat?post=541"},{"taxonomy":"product_tag","embeddable":true,"href":"https:\/\/www.pronego.mx\/home\/wp-json\/wp\/v2\/product_tag?post=541"}],"curies":[{"name":"wp","href":"https:\/\/api.w.org\/{rel}","templated":true}]}}