{"id":544,"date":"2025-04-23T17:11:07","date_gmt":"2025-04-23T17:11:07","guid":{"rendered":"https:\/\/www.pronego.mx\/home\/?post_type=product&#038;p=544"},"modified":"2026-03-05T23:03:18","modified_gmt":"2026-03-05T23:03:18","slug":"congelador-de-helado-con-puerta-plana-metalfrio-modelo-chv-15","status":"publish","type":"product","link":"https:\/\/www.pronego.mx\/home\/producto\/congelador-de-helado-con-puerta-plana-metalfrio-modelo-chv-15\/","title":{"rendered":"CONSERVADOR DE HELADO CON PUERTA PLANA METALFRIO MODELO CHV-15"},"content":{"rendered":"<ul>\n<li>Facilita la organizaci\u00f3n de producto gracias a sus puertas deslizables de alta eficiencia<\/li>\n<li>Ahorra tiempo en limpieza con su gabinete interno de esquinas redondeadas<\/li>\n<li>Mejora la conservaci\u00f3n del helado con sistema de refrigeraci\u00f3n de paredes activas<\/li>\n<li>Funciona perfectamente en helader\u00edas, tiendas de abarrotes o autoservicios peque\u00f1os<\/li>\n<\/ul>\n","protected":false},"excerpt":{"rendered":"<p>Pensado para facilitar el almacenamiento y exhibici\u00f3n de helado en espacios comerciales. Su estructura es f\u00e1cil de limpiar, eficiente en refrigeraci\u00f3n y de bajo mantenimiento.<\/p>\n","protected":false},"featured_media":599,"comment_status":"open","ping_status":"closed","template":"","meta":{"_acf_changed":false,"_et_pb_use_builder":"","_et_pb_old_content":"","_et_gb_content_width":""},"product_brand":[36],"product_cat":[66,21],"product_tag":[],"class_list":{"0":"post-544","1":"product","2":"type-product","3":"status-publish","4":"has-post-thumbnail","6":"product_brand-metalfrio","7":"product_cat-conservadores","8":"product_cat-refrigeracion","10":"first","11":"instock","12":"shipping-taxable","13":"purchasable","14":"product-type-simple"},"acf":[],"_links":{"self":[{"href":"https:\/\/www.pronego.mx\/home\/wp-json\/wp\/v2\/product\/544","targetHints":{"allow":["GET"]}}],"collection":[{"href":"https:\/\/www.pronego.mx\/home\/wp-json\/wp\/v2\/product"}],"about":[{"href":"https:\/\/www.pronego.mx\/home\/wp-json\/wp\/v2\/types\/product"}],"replies":[{"embeddable":true,"href":"https:\/\/www.pronego.mx\/home\/wp-json\/wp\/v2\/comments?post=544"}],"wp:featuredmedia":[{"embeddable":true,"href":"https:\/\/www.pronego.mx\/home\/wp-json\/wp\/v2\/media\/599"}],"wp:attachment":[{"href":"https:\/\/www.pronego.mx\/home\/wp-json\/wp\/v2\/media?parent=544"}],"wp:term":[{"taxonomy":"product_brand","embeddable":true,"href":"https:\/\/www.pronego.mx\/home\/wp-json\/wp\/v2\/product_brand?post=544"},{"taxonomy":"product_cat","embeddable":true,"href":"https:\/\/www.pronego.mx\/home\/wp-json\/wp\/v2\/product_cat?post=544"},{"taxonomy":"product_tag","embeddable":true,"href":"https:\/\/www.pronego.mx\/home\/wp-json\/wp\/v2\/product_tag?post=544"}],"curies":[{"name":"wp","href":"https:\/\/api.w.org\/{rel}","templated":true}]}}