{"id":549,"date":"2025-04-23T17:11:07","date_gmt":"2025-04-23T17:11:07","guid":{"rendered":"https:\/\/www.pronego.mx\/home\/?post_type=product&#038;p=549"},"modified":"2026-03-04T16:46:43","modified_gmt":"2026-03-04T16:46:43","slug":"congelador-de-tapa-cofre-metalfrio-modelo-cpc-25","status":"publish","type":"product","link":"https:\/\/www.pronego.mx\/home\/producto\/congelador-de-tapa-cofre-metalfrio-modelo-cpc-25\/","title":{"rendered":"CONSERVADOR DE TAPA COFRE METALFRIO MODELO CPC-25"},"content":{"rendered":"<ul>\n<li>Asegura una temperatura constante para conservar productos congelados por m\u00e1s tiempo<\/li>\n<li>Facilita la limpieza con esquinas redondeadas y dise\u00f1o funcional<\/li>\n<li>Brinda seguridad con cerradura integrada para control del inventario<\/li>\n<li>Perfecto para tiendas, minis\u00fapers, paleter\u00edas o puntos de venta de alto tr\u00e1fico<\/li>\n<\/ul>\n","protected":false},"excerpt":{"rendered":"<p>Mant\u00e9n productos congelados a la temperatura ideal con una soluci\u00f3n eficiente, resistente y pr\u00e1ctica para negocios con alto movimiento de producto.<\/p>\n","protected":false},"featured_media":608,"comment_status":"open","ping_status":"closed","template":"","meta":{"_acf_changed":false,"_et_pb_use_builder":"","_et_pb_old_content":"","_et_gb_content_width":""},"product_brand":[36],"product_cat":[66,21],"product_tag":[],"class_list":{"0":"post-549","1":"product","2":"type-product","3":"status-publish","4":"has-post-thumbnail","6":"product_brand-metalfrio","7":"product_cat-conservadores","8":"product_cat-refrigeracion","10":"first","11":"instock","12":"shipping-taxable","13":"purchasable","14":"product-type-simple"},"acf":[],"_links":{"self":[{"href":"https:\/\/www.pronego.mx\/home\/wp-json\/wp\/v2\/product\/549","targetHints":{"allow":["GET"]}}],"collection":[{"href":"https:\/\/www.pronego.mx\/home\/wp-json\/wp\/v2\/product"}],"about":[{"href":"https:\/\/www.pronego.mx\/home\/wp-json\/wp\/v2\/types\/product"}],"replies":[{"embeddable":true,"href":"https:\/\/www.pronego.mx\/home\/wp-json\/wp\/v2\/comments?post=549"}],"wp:featuredmedia":[{"embeddable":true,"href":"https:\/\/www.pronego.mx\/home\/wp-json\/wp\/v2\/media\/608"}],"wp:attachment":[{"href":"https:\/\/www.pronego.mx\/home\/wp-json\/wp\/v2\/media?parent=549"}],"wp:term":[{"taxonomy":"product_brand","embeddable":true,"href":"https:\/\/www.pronego.mx\/home\/wp-json\/wp\/v2\/product_brand?post=549"},{"taxonomy":"product_cat","embeddable":true,"href":"https:\/\/www.pronego.mx\/home\/wp-json\/wp\/v2\/product_cat?post=549"},{"taxonomy":"product_tag","embeddable":true,"href":"https:\/\/www.pronego.mx\/home\/wp-json\/wp\/v2\/product_tag?post=549"}],"curies":[{"name":"wp","href":"https:\/\/api.w.org\/{rel}","templated":true}]}}