{"id":553,"date":"2025-04-23T17:11:08","date_gmt":"2025-04-23T17:11:08","guid":{"rendered":"https:\/\/www.pronego.mx\/home\/?post_type=product&#038;p=553"},"modified":"2026-03-04T16:25:58","modified_gmt":"2026-03-04T16:25:58","slug":"refrigerador-de-1-puerta-full-glass-metalfrio-modelo-rb-410","status":"publish","type":"product","link":"https:\/\/www.pronego.mx\/home\/producto\/refrigerador-de-1-puerta-full-glass-metalfrio-modelo-rb-410\/","title":{"rendered":"ENFRIADOR DE 1 PUERTA FULL GLASS METALFRIO MODELO RB-410"},"content":{"rendered":"<ul>\n<li>Aumenta tus ventas con visibilidad continua de la temperatura y cristal de alta eficiencia.<\/li>\n<li>Mejora la exhibici\u00f3n con iluminaci\u00f3n LED de alta intensidad y espacio para promoci\u00f3n.<\/li>\n<li>Ahorra energ\u00eda y enfr\u00eda m\u00e1s r\u00e1pido con su sistema de aire continuo y refrigerante ecol\u00f3gico.<\/li>\n<li>Funciona perfectamente en tiendas, minis\u00faper o puntos de venta con alta rotaci\u00f3n de producto.<\/li>\n<\/ul>\n","protected":false},"excerpt":{"rendered":"<p>Mant\u00e9n tus bebidas fr\u00edas y listas para el consumo con un enfriador de dise\u00f1o ergon\u00f3mico, iluminaci\u00f3n LED y flujo de aire continuo que asegura un enfriamiento uniforme.<\/p>\n","protected":false},"featured_media":592,"comment_status":"open","ping_status":"closed","template":"","meta":{"_acf_changed":false,"_et_pb_use_builder":"","_et_pb_old_content":"","_et_gb_content_width":""},"product_brand":[36],"product_cat":[41,21],"product_tag":[],"class_list":{"0":"post-553","1":"product","2":"type-product","3":"status-publish","4":"has-post-thumbnail","6":"product_brand-metalfrio","7":"product_cat-enfriadores","8":"product_cat-refrigeracion","10":"first","11":"instock","12":"shipping-taxable","13":"purchasable","14":"product-type-simple"},"acf":[],"_links":{"self":[{"href":"https:\/\/www.pronego.mx\/home\/wp-json\/wp\/v2\/product\/553","targetHints":{"allow":["GET"]}}],"collection":[{"href":"https:\/\/www.pronego.mx\/home\/wp-json\/wp\/v2\/product"}],"about":[{"href":"https:\/\/www.pronego.mx\/home\/wp-json\/wp\/v2\/types\/product"}],"replies":[{"embeddable":true,"href":"https:\/\/www.pronego.mx\/home\/wp-json\/wp\/v2\/comments?post=553"}],"wp:featuredmedia":[{"embeddable":true,"href":"https:\/\/www.pronego.mx\/home\/wp-json\/wp\/v2\/media\/592"}],"wp:attachment":[{"href":"https:\/\/www.pronego.mx\/home\/wp-json\/wp\/v2\/media?parent=553"}],"wp:term":[{"taxonomy":"product_brand","embeddable":true,"href":"https:\/\/www.pronego.mx\/home\/wp-json\/wp\/v2\/product_brand?post=553"},{"taxonomy":"product_cat","embeddable":true,"href":"https:\/\/www.pronego.mx\/home\/wp-json\/wp\/v2\/product_cat?post=553"},{"taxonomy":"product_tag","embeddable":true,"href":"https:\/\/www.pronego.mx\/home\/wp-json\/wp\/v2\/product_tag?post=553"}],"curies":[{"name":"wp","href":"https:\/\/api.w.org\/{rel}","templated":true}]}}