{"id":557,"date":"2025-04-23T17:11:08","date_gmt":"2025-04-23T17:11:08","guid":{"rendered":"https:\/\/www.pronego.mx\/home\/?post_type=product&#038;p=557"},"modified":"2026-03-04T16:36:31","modified_gmt":"2026-03-04T16:36:31","slug":"enfriador-cervecero-sub-zero-de-1-puerta-metalfrio-modelo-vn-55","status":"publish","type":"product","link":"https:\/\/www.pronego.mx\/home\/producto\/enfriador-cervecero-sub-zero-de-1-puerta-metalfrio-modelo-vn-55\/","title":{"rendered":"ENFRIADOR CERVECERO SUB ZERO DE 1 PUERTA METALFRIO MODELO VN-55"},"content":{"rendered":"<ul>\n<li>Ofrece la cerveza m\u00e1s fr\u00eda al frente gracias a su ca\u00edda de aire directa.<\/li>\n<li>Realza la presentaci\u00f3n con iluminaci\u00f3n LED de alta intensidad.<\/li>\n<li>Aporta eficiencia y sostenibilidad con refrigerante ecol\u00f3gico R290.<\/li>\n<li>Funciona perfecto en tiendas, bares, restaurantes y eventos con alta rotaci\u00f3n de producto.<\/li>\n<\/ul>\n","protected":false},"excerpt":{"rendered":"<p>Conserva tus cervezas a la temperatura perfecta para el cliente gracias a su sistema de enfriamiento frontal Sub-Zero, ideal para puntos de alto consumo.<\/p>\n","protected":false},"featured_media":588,"comment_status":"open","ping_status":"closed","template":"","meta":{"_acf_changed":false,"_et_pb_use_builder":"","_et_pb_old_content":"","_et_gb_content_width":""},"product_brand":[36],"product_cat":[69,21],"product_tag":[],"class_list":{"0":"post-557","1":"product","2":"type-product","3":"status-publish","4":"has-post-thumbnail","6":"product_brand-metalfrio","7":"product_cat-enfriadores-cerveceros","8":"product_cat-refrigeracion","10":"first","11":"instock","12":"shipping-taxable","13":"purchasable","14":"product-type-simple"},"acf":[],"_links":{"self":[{"href":"https:\/\/www.pronego.mx\/home\/wp-json\/wp\/v2\/product\/557","targetHints":{"allow":["GET"]}}],"collection":[{"href":"https:\/\/www.pronego.mx\/home\/wp-json\/wp\/v2\/product"}],"about":[{"href":"https:\/\/www.pronego.mx\/home\/wp-json\/wp\/v2\/types\/product"}],"replies":[{"embeddable":true,"href":"https:\/\/www.pronego.mx\/home\/wp-json\/wp\/v2\/comments?post=557"}],"wp:featuredmedia":[{"embeddable":true,"href":"https:\/\/www.pronego.mx\/home\/wp-json\/wp\/v2\/media\/588"}],"wp:attachment":[{"href":"https:\/\/www.pronego.mx\/home\/wp-json\/wp\/v2\/media?parent=557"}],"wp:term":[{"taxonomy":"product_brand","embeddable":true,"href":"https:\/\/www.pronego.mx\/home\/wp-json\/wp\/v2\/product_brand?post=557"},{"taxonomy":"product_cat","embeddable":true,"href":"https:\/\/www.pronego.mx\/home\/wp-json\/wp\/v2\/product_cat?post=557"},{"taxonomy":"product_tag","embeddable":true,"href":"https:\/\/www.pronego.mx\/home\/wp-json\/wp\/v2\/product_tag?post=557"}],"curies":[{"name":"wp","href":"https:\/\/api.w.org\/{rel}","templated":true}]}}