{"id":559,"date":"2025-04-23T17:11:08","date_gmt":"2025-04-23T17:11:08","guid":{"rendered":"https:\/\/www.pronego.mx\/home\/?post_type=product&#038;p=559"},"modified":"2026-03-04T16:37:54","modified_gmt":"2026-03-04T16:37:54","slug":"enfriador-cervecero-sub-zero-de-tres-puertas-metalfrio-modelo-vn135","status":"publish","type":"product","link":"https:\/\/www.pronego.mx\/home\/producto\/enfriador-cervecero-sub-zero-de-tres-puertas-metalfrio-modelo-vn135\/","title":{"rendered":"ENFRIADOR CERVECERO SUB ZERO DE TRES PUERTAS METALFRIO MODELO VN135"},"content":{"rendered":"<ul>\n<li>Conserva grandes vol\u00famenes de cerveza lista para servir en cada puerta.<\/li>\n<li>Aumenta ventas con iluminaci\u00f3n LED que resalta el producto.<\/li>\n<li>Ahorra mantenimiento con condensador WOT de f\u00e1cil limpieza.<\/li>\n<li>Ideal para bares, tiendas grandes, restaurantes y centros de consumo con alta demanda.<\/li>\n<\/ul>\n","protected":false},"excerpt":{"rendered":"<p>Enfr\u00eda m\u00e1s cerveza en menos tiempo gracias a su tecnolog\u00eda Sub-Zero con ca\u00edda de aire frontal. Gran capacidad y eficiencia para puntos de alta rotaci\u00f3n.<\/p>\n","protected":false},"featured_media":586,"comment_status":"open","ping_status":"closed","template":"","meta":{"_acf_changed":false,"_et_pb_use_builder":"","_et_pb_old_content":"","_et_gb_content_width":""},"product_brand":[36],"product_cat":[69,21],"product_tag":[],"class_list":{"0":"post-559","1":"product","2":"type-product","3":"status-publish","4":"has-post-thumbnail","6":"product_brand-metalfrio","7":"product_cat-enfriadores-cerveceros","8":"product_cat-refrigeracion","10":"first","11":"instock","12":"shipping-taxable","13":"purchasable","14":"product-type-simple"},"acf":[],"_links":{"self":[{"href":"https:\/\/www.pronego.mx\/home\/wp-json\/wp\/v2\/product\/559","targetHints":{"allow":["GET"]}}],"collection":[{"href":"https:\/\/www.pronego.mx\/home\/wp-json\/wp\/v2\/product"}],"about":[{"href":"https:\/\/www.pronego.mx\/home\/wp-json\/wp\/v2\/types\/product"}],"replies":[{"embeddable":true,"href":"https:\/\/www.pronego.mx\/home\/wp-json\/wp\/v2\/comments?post=559"}],"wp:featuredmedia":[{"embeddable":true,"href":"https:\/\/www.pronego.mx\/home\/wp-json\/wp\/v2\/media\/586"}],"wp:attachment":[{"href":"https:\/\/www.pronego.mx\/home\/wp-json\/wp\/v2\/media?parent=559"}],"wp:term":[{"taxonomy":"product_brand","embeddable":true,"href":"https:\/\/www.pronego.mx\/home\/wp-json\/wp\/v2\/product_brand?post=559"},{"taxonomy":"product_cat","embeddable":true,"href":"https:\/\/www.pronego.mx\/home\/wp-json\/wp\/v2\/product_cat?post=559"},{"taxonomy":"product_tag","embeddable":true,"href":"https:\/\/www.pronego.mx\/home\/wp-json\/wp\/v2\/product_tag?post=559"}],"curies":[{"name":"wp","href":"https:\/\/api.w.org\/{rel}","templated":true}]}}