{"id":565,"date":"2025-04-23T17:11:08","date_gmt":"2025-04-23T17:11:08","guid":{"rendered":"https:\/\/www.pronego.mx\/home\/?post_type=product&#038;p=565"},"modified":"2025-10-06T15:53:33","modified_gmt":"2025-10-06T15:53:33","slug":"refrigerador-vertical-de-1-puerta-metalfrio-modelo-rb90","status":"publish","type":"product","link":"https:\/\/www.pronego.mx\/home\/producto\/refrigerador-vertical-de-1-puerta-metalfrio-modelo-rb90\/","title":{"rendered":"ENFRIADOR VERTICAL DE 1 PUERTA METALFRIO MODELO RB90"},"content":{"rendered":"<ul>\n<li>Aumenta las ventas exhibiendo m\u00e1s producto con iluminaci\u00f3n LED de alta intensidad<\/li>\n<li>Ahorra energ\u00eda con su cristal doble y tecnolog\u00eda de refrigeraci\u00f3n eficiente<\/li>\n<li>Facilita la operaci\u00f3n diaria con control inteligente y temperatura siempre visible<\/li>\n<li>Destaca tu marca con espacio disponible para promociones en el dise\u00f1o frontal<\/li>\n<\/ul>\n","protected":false},"excerpt":{"rendered":"<p>Perfecto para mantener tus bebidas fr\u00edas y bien organizadas, con gran capacidad de exhibici\u00f3n, dise\u00f1o moderno y sistema de enfriamiento eficiente.<\/p>\n","protected":false},"featured_media":580,"comment_status":"open","ping_status":"closed","template":"","meta":{"_acf_changed":false,"_et_pb_use_builder":"","_et_pb_old_content":"","_et_gb_content_width":""},"product_brand":[36],"product_cat":[41,21],"product_tag":[],"class_list":{"0":"post-565","1":"product","2":"type-product","3":"status-publish","4":"has-post-thumbnail","6":"product_brand-metalfrio","7":"product_cat-enfriadores","8":"product_cat-refrigeracion","10":"first","11":"instock","12":"shipping-taxable","13":"purchasable","14":"product-type-simple"},"acf":[],"_links":{"self":[{"href":"https:\/\/www.pronego.mx\/home\/wp-json\/wp\/v2\/product\/565","targetHints":{"allow":["GET"]}}],"collection":[{"href":"https:\/\/www.pronego.mx\/home\/wp-json\/wp\/v2\/product"}],"about":[{"href":"https:\/\/www.pronego.mx\/home\/wp-json\/wp\/v2\/types\/product"}],"replies":[{"embeddable":true,"href":"https:\/\/www.pronego.mx\/home\/wp-json\/wp\/v2\/comments?post=565"}],"wp:featuredmedia":[{"embeddable":true,"href":"https:\/\/www.pronego.mx\/home\/wp-json\/wp\/v2\/media\/580"}],"wp:attachment":[{"href":"https:\/\/www.pronego.mx\/home\/wp-json\/wp\/v2\/media?parent=565"}],"wp:term":[{"taxonomy":"product_brand","embeddable":true,"href":"https:\/\/www.pronego.mx\/home\/wp-json\/wp\/v2\/product_brand?post=565"},{"taxonomy":"product_cat","embeddable":true,"href":"https:\/\/www.pronego.mx\/home\/wp-json\/wp\/v2\/product_cat?post=565"},{"taxonomy":"product_tag","embeddable":true,"href":"https:\/\/www.pronego.mx\/home\/wp-json\/wp\/v2\/product_tag?post=565"}],"curies":[{"name":"wp","href":"https:\/\/api.w.org\/{rel}","templated":true}]}}