{"id":567,"date":"2025-04-23T17:11:13","date_gmt":"2025-04-23T17:11:13","guid":{"rendered":"https:\/\/www.pronego.mx\/home\/?post_type=product&#038;p=567"},"modified":"2025-10-06T15:53:33","modified_gmt":"2025-10-06T15:53:33","slug":"refrigerador-vertical-de-doble-puerta-metalfrio-modelo-rb500-2p","status":"publish","type":"product","link":"https:\/\/www.pronego.mx\/home\/producto\/refrigerador-vertical-de-doble-puerta-metalfrio-modelo-rb500-2p\/","title":{"rendered":"ENFRIADOR VERTICAL DE DOBLE PUERTA METALFRIO MODELO RB500 2P"},"content":{"rendered":"<ul>\n<li>Exhibe una gran variedad de bebidas con visibilidad total en doble puerta<\/li>\n<li>Optimiza el consumo el\u00e9ctrico gracias al cristal doble y tecnolog\u00eda LED<\/li>\n<li>Facilita el control del equipo con pantalla de temperatura siempre visible<\/li>\n<li>Refuerza tu marca con espacio disponible para promoci\u00f3n en el frente<\/li>\n<\/ul>\n","protected":false},"excerpt":{"rendered":"<p>Perfecto para negocios que necesitan exhibir m\u00e1s producto y mantenerlo fr\u00edo con eficiencia, dise\u00f1o moderno y operaci\u00f3n sencilla.<\/p>\n","protected":false},"featured_media":578,"comment_status":"open","ping_status":"closed","template":"","meta":{"_acf_changed":false,"_et_pb_use_builder":"","_et_pb_old_content":"","_et_gb_content_width":""},"product_brand":[36],"product_cat":[41,21],"product_tag":[],"class_list":{"0":"post-567","1":"product","2":"type-product","3":"status-publish","4":"has-post-thumbnail","6":"product_brand-metalfrio","7":"product_cat-enfriadores","8":"product_cat-refrigeracion","10":"first","11":"instock","12":"shipping-taxable","13":"purchasable","14":"product-type-simple"},"acf":[],"_links":{"self":[{"href":"https:\/\/www.pronego.mx\/home\/wp-json\/wp\/v2\/product\/567","targetHints":{"allow":["GET"]}}],"collection":[{"href":"https:\/\/www.pronego.mx\/home\/wp-json\/wp\/v2\/product"}],"about":[{"href":"https:\/\/www.pronego.mx\/home\/wp-json\/wp\/v2\/types\/product"}],"replies":[{"embeddable":true,"href":"https:\/\/www.pronego.mx\/home\/wp-json\/wp\/v2\/comments?post=567"}],"wp:featuredmedia":[{"embeddable":true,"href":"https:\/\/www.pronego.mx\/home\/wp-json\/wp\/v2\/media\/578"}],"wp:attachment":[{"href":"https:\/\/www.pronego.mx\/home\/wp-json\/wp\/v2\/media?parent=567"}],"wp:term":[{"taxonomy":"product_brand","embeddable":true,"href":"https:\/\/www.pronego.mx\/home\/wp-json\/wp\/v2\/product_brand?post=567"},{"taxonomy":"product_cat","embeddable":true,"href":"https:\/\/www.pronego.mx\/home\/wp-json\/wp\/v2\/product_cat?post=567"},{"taxonomy":"product_tag","embeddable":true,"href":"https:\/\/www.pronego.mx\/home\/wp-json\/wp\/v2\/product_tag?post=567"}],"curies":[{"name":"wp","href":"https:\/\/api.w.org\/{rel}","templated":true}]}}