{"id":901,"date":"2025-05-22T17:48:43","date_gmt":"2025-05-22T17:48:43","guid":{"rendered":"https:\/\/www.pronego.mx\/home\/?post_type=product&#038;p=901"},"modified":"2025-10-06T15:53:33","modified_gmt":"2025-10-06T15:53:33","slug":"batidora-planetaria-7-litros-rhino-modelo-bati-7","status":"publish","type":"product","link":"https:\/\/www.pronego.mx\/home\/producto\/batidora-planetaria-7-litros-rhino-modelo-bati-7\/","title":{"rendered":"BATIDORA PLANETARIA 7 LITROS RHINO MODELO BATI-7"},"content":{"rendered":"<ul>\n<li>Aumenta tu productividad con su potente motor para uso continuo y exigente.<\/li>\n<li>Te permite preparar desde masas densas hasta mezclas ligeras sin esfuerzo.<\/li>\n<li>Ideal para panader\u00edas, cafeter\u00edas, reposter\u00edas, restaurantes y negocios de fast food.<\/li>\n<\/ul>\n","protected":false},"excerpt":{"rendered":"<p>Haz crecer tu negocio con una batidora planetaria potente y vers\u00e1til. Ideal para panader\u00edas, pasteler\u00edas y cocinas industriales. Bate, mezcla o amasa con facilidad gracias a su sistema de 3 velocidades y accesorios intercambiables. Aumenta tu producci\u00f3n sin sacrificar calidad.<\/p>\n","protected":false},"featured_media":839,"comment_status":"open","ping_status":"closed","template":"","meta":{"_acf_changed":false,"_et_pb_use_builder":"","_et_pb_old_content":"","_et_gb_content_width":""},"product_brand":[38],"product_cat":[79,22],"product_tag":[],"class_list":{"0":"post-901","1":"product","2":"type-product","3":"status-publish","4":"has-post-thumbnail","6":"product_brand-rhino","7":"product_cat-batidoras","8":"product_cat-panaderia","10":"first","11":"instock","12":"shipping-taxable","13":"purchasable","14":"product-type-simple"},"acf":[],"_links":{"self":[{"href":"https:\/\/www.pronego.mx\/home\/wp-json\/wp\/v2\/product\/901","targetHints":{"allow":["GET"]}}],"collection":[{"href":"https:\/\/www.pronego.mx\/home\/wp-json\/wp\/v2\/product"}],"about":[{"href":"https:\/\/www.pronego.mx\/home\/wp-json\/wp\/v2\/types\/product"}],"replies":[{"embeddable":true,"href":"https:\/\/www.pronego.mx\/home\/wp-json\/wp\/v2\/comments?post=901"}],"wp:featuredmedia":[{"embeddable":true,"href":"https:\/\/www.pronego.mx\/home\/wp-json\/wp\/v2\/media\/839"}],"wp:attachment":[{"href":"https:\/\/www.pronego.mx\/home\/wp-json\/wp\/v2\/media?parent=901"}],"wp:term":[{"taxonomy":"product_brand","embeddable":true,"href":"https:\/\/www.pronego.mx\/home\/wp-json\/wp\/v2\/product_brand?post=901"},{"taxonomy":"product_cat","embeddable":true,"href":"https:\/\/www.pronego.mx\/home\/wp-json\/wp\/v2\/product_cat?post=901"},{"taxonomy":"product_tag","embeddable":true,"href":"https:\/\/www.pronego.mx\/home\/wp-json\/wp\/v2\/product_tag?post=901"}],"curies":[{"name":"wp","href":"https:\/\/api.w.org\/{rel}","templated":true}]}}