{"id":908,"date":"2025-05-22T17:48:43","date_gmt":"2025-05-22T17:48:43","guid":{"rendered":"https:\/\/www.pronego.mx\/home\/?post_type=product&#038;p=908"},"modified":"2025-10-06T15:53:34","modified_gmt":"2025-10-06T15:53:34","slug":"amasadora-industrial-40-litros-rhino-modelo-amasa-40","status":"publish","type":"product","link":"https:\/\/www.pronego.mx\/home\/producto\/amasadora-industrial-40-litros-rhino-modelo-amasa-40\/","title":{"rendered":"AMASADORA INDUSTRIAL 40 LITROS RHINO MODELO AMASA-40"},"content":{"rendered":"<ul>\n<li>Mejora tu producci\u00f3n con mezclas m\u00e1s homog\u00e9neas y de mejor calidad.<\/li>\n<li>Ideal para masas de pan, pizza, pasteles, baguettes y productos similares.<\/li>\n<li>Ahorra tiempo con su temporizador de hasta 60 minutos y sistema refinador.<\/li>\n<li>Seguridad garantizada gracias a su reja protectora y dos a\u00f1os de garant\u00eda.<\/li>\n<\/ul>\n","protected":false},"excerpt":{"rendered":"<p>Aumenta la productividad de tu cocina con esta amasadora de 40 litros. Su potente motor, doble acci\u00f3n giratoria y temporizador permiten obtener mezclas m\u00e1s homog\u00e9neas en menos tiempo. Ideal para panader\u00edas, pasteler\u00edas y restaurantes con alta demanda.<\/p>\n","protected":false},"featured_media":845,"comment_status":"open","ping_status":"closed","template":"","meta":{"_acf_changed":false,"_et_pb_use_builder":"","_et_pb_old_content":"","_et_gb_content_width":""},"product_brand":[38],"product_cat":[78,22],"product_tag":[],"class_list":{"0":"post-908","1":"product","2":"type-product","3":"status-publish","4":"has-post-thumbnail","6":"product_brand-rhino","7":"product_cat-amasadoras","8":"product_cat-panaderia","10":"first","11":"instock","12":"shipping-taxable","13":"purchasable","14":"product-type-simple"},"acf":[],"_links":{"self":[{"href":"https:\/\/www.pronego.mx\/home\/wp-json\/wp\/v2\/product\/908","targetHints":{"allow":["GET"]}}],"collection":[{"href":"https:\/\/www.pronego.mx\/home\/wp-json\/wp\/v2\/product"}],"about":[{"href":"https:\/\/www.pronego.mx\/home\/wp-json\/wp\/v2\/types\/product"}],"replies":[{"embeddable":true,"href":"https:\/\/www.pronego.mx\/home\/wp-json\/wp\/v2\/comments?post=908"}],"wp:featuredmedia":[{"embeddable":true,"href":"https:\/\/www.pronego.mx\/home\/wp-json\/wp\/v2\/media\/845"}],"wp:attachment":[{"href":"https:\/\/www.pronego.mx\/home\/wp-json\/wp\/v2\/media?parent=908"}],"wp:term":[{"taxonomy":"product_brand","embeddable":true,"href":"https:\/\/www.pronego.mx\/home\/wp-json\/wp\/v2\/product_brand?post=908"},{"taxonomy":"product_cat","embeddable":true,"href":"https:\/\/www.pronego.mx\/home\/wp-json\/wp\/v2\/product_cat?post=908"},{"taxonomy":"product_tag","embeddable":true,"href":"https:\/\/www.pronego.mx\/home\/wp-json\/wp\/v2\/product_tag?post=908"}],"curies":[{"name":"wp","href":"https:\/\/api.w.org\/{rel}","templated":true}]}}