{"id":912,"date":"2025-05-22T17:48:43","date_gmt":"2025-05-22T17:48:43","guid":{"rendered":"https:\/\/www.pronego.mx\/home\/?post_type=product&#038;p=912"},"modified":"2026-03-06T16:33:49","modified_gmt":"2026-03-06T16:33:49","slug":"empacadora-al-vacio-rhino-modelo-evac-20","status":"publish","type":"product","link":"https:\/\/www.pronego.mx\/home\/producto\/empacadora-al-vacio-rhino-modelo-evac-20\/","title":{"rendered":"EMPACADORA AL VAC\u00cdO RHINO MODELO EVAC-20"},"content":{"rendered":"<ul>\n<li>Conserva la frescura y sabor de los alimentos por mucho m\u00e1s tiempo.<\/li>\n<li>Evita olores y mejora la higiene gracias a su cuerpo en acero inoxidable.<\/li>\n<li>Gana eficiencia con su doble barra selladora y 5 ciclos preconfigurados.<\/li>\n<li>Ideal para negocios que manejan grandes vol\u00famenes de producto<\/li>\n<\/ul>\n","protected":false},"excerpt":{"rendered":"<p>Haz m\u00e1s eficiente tu operaci\u00f3n y conserva alimentos hasta 15 veces m\u00e1s con esta empacadora al vac\u00edo. Mejora la higiene, evita olores y mantiene la frescura por m\u00e1s tiempo. Ideal para negocios que buscan calidad y rendimiento profesional.<\/p>\n","protected":false},"featured_media":853,"comment_status":"open","ping_status":"closed","template":"","meta":{"_acf_changed":false,"_et_pb_use_builder":"","_et_pb_old_content":"","_et_gb_content_width":""},"product_brand":[38],"product_cat":[77,81],"product_tag":[],"class_list":{"0":"post-912","1":"product","2":"type-product","3":"status-publish","4":"has-post-thumbnail","6":"product_brand-rhino","7":"product_cat-empacadoras-al-vacio","8":"product_cat-empaque-y-conservacion","10":"first","11":"instock","12":"shipping-taxable","13":"purchasable","14":"product-type-simple"},"acf":[],"_links":{"self":[{"href":"https:\/\/www.pronego.mx\/home\/wp-json\/wp\/v2\/product\/912","targetHints":{"allow":["GET"]}}],"collection":[{"href":"https:\/\/www.pronego.mx\/home\/wp-json\/wp\/v2\/product"}],"about":[{"href":"https:\/\/www.pronego.mx\/home\/wp-json\/wp\/v2\/types\/product"}],"replies":[{"embeddable":true,"href":"https:\/\/www.pronego.mx\/home\/wp-json\/wp\/v2\/comments?post=912"}],"wp:featuredmedia":[{"embeddable":true,"href":"https:\/\/www.pronego.mx\/home\/wp-json\/wp\/v2\/media\/853"}],"wp:attachment":[{"href":"https:\/\/www.pronego.mx\/home\/wp-json\/wp\/v2\/media?parent=912"}],"wp:term":[{"taxonomy":"product_brand","embeddable":true,"href":"https:\/\/www.pronego.mx\/home\/wp-json\/wp\/v2\/product_brand?post=912"},{"taxonomy":"product_cat","embeddable":true,"href":"https:\/\/www.pronego.mx\/home\/wp-json\/wp\/v2\/product_cat?post=912"},{"taxonomy":"product_tag","embeddable":true,"href":"https:\/\/www.pronego.mx\/home\/wp-json\/wp\/v2\/product_tag?post=912"}],"curies":[{"name":"wp","href":"https:\/\/api.w.org\/{rel}","templated":true}]}}