{"id":914,"date":"2025-05-22T17:48:44","date_gmt":"2025-05-22T17:48:44","guid":{"rendered":"https:\/\/www.pronego.mx\/home\/?post_type=product&#038;p=914"},"modified":"2025-11-04T21:59:06","modified_gmt":"2025-11-04T21:59:06","slug":"bascula-electronica-multifunciones-40-kg-vinson-modelo-vins-40","status":"publish","type":"product","link":"https:\/\/www.pronego.mx\/home\/producto\/bascula-electronica-multifunciones-40-kg-vinson-modelo-vins-40\/","title":{"rendered":"B\u00c1SCULA ELECTR\u00d3NICA MULTIFUNCIONES 40 KG VINSON MODELO VINS-40"},"content":{"rendered":"<ul>\n<li>Mejora la eficiencia al operar con accesos directos a productos de alto movimiento.<\/li>\n<li>Ahorra tiempo con la funci\u00f3n de acumulaci\u00f3n que permite sumar m\u00faltiples ventas.<\/li>\n<li>Controla tus inventarios f\u00e1cilmente gracias al sistema de conteo de piezas integrado.<\/li>\n<li>Mant\u00e9n tu \u00e1rea de trabajo limpia y protegida con la mica desmontable que evita derrames y polvo.<\/li>\n<\/ul>\n","protected":false},"excerpt":{"rendered":"<p>Optimiza tu operaci\u00f3n diaria con una b\u00e1scula confiable y f\u00e1cil de usar. Ideal para pesar, contar piezas y calcular totales, todo desde un solo equipo. Funciona hasta 200 horas sin necesidad de recarga y ofrece excelente visibilidad gracias a sus pantallas iluminadas.<\/p>\n","protected":false},"featured_media":875,"comment_status":"open","ping_status":"closed","template":"","meta":{"_acf_changed":false,"_et_pb_use_builder":"","_et_pb_old_content":"","_et_gb_content_width":""},"product_brand":[38],"product_cat":[72,43],"product_tag":[],"class_list":{"0":"post-914","1":"product","2":"type-product","3":"status-publish","4":"has-post-thumbnail","6":"product_brand-rhino","7":"product_cat-basculas-comerciales","8":"product_cat-pesaje","10":"first","11":"instock","12":"shipping-taxable","13":"purchasable","14":"product-type-simple"},"acf":[],"_links":{"self":[{"href":"https:\/\/www.pronego.mx\/home\/wp-json\/wp\/v2\/product\/914","targetHints":{"allow":["GET"]}}],"collection":[{"href":"https:\/\/www.pronego.mx\/home\/wp-json\/wp\/v2\/product"}],"about":[{"href":"https:\/\/www.pronego.mx\/home\/wp-json\/wp\/v2\/types\/product"}],"replies":[{"embeddable":true,"href":"https:\/\/www.pronego.mx\/home\/wp-json\/wp\/v2\/comments?post=914"}],"wp:featuredmedia":[{"embeddable":true,"href":"https:\/\/www.pronego.mx\/home\/wp-json\/wp\/v2\/media\/875"}],"wp:attachment":[{"href":"https:\/\/www.pronego.mx\/home\/wp-json\/wp\/v2\/media?parent=914"}],"wp:term":[{"taxonomy":"product_brand","embeddable":true,"href":"https:\/\/www.pronego.mx\/home\/wp-json\/wp\/v2\/product_brand?post=914"},{"taxonomy":"product_cat","embeddable":true,"href":"https:\/\/www.pronego.mx\/home\/wp-json\/wp\/v2\/product_cat?post=914"},{"taxonomy":"product_tag","embeddable":true,"href":"https:\/\/www.pronego.mx\/home\/wp-json\/wp\/v2\/product_tag?post=914"}],"curies":[{"name":"wp","href":"https:\/\/api.w.org\/{rel}","templated":true}]}}