{"id":917,"date":"2025-05-22T17:48:44","date_gmt":"2025-05-22T17:48:44","guid":{"rendered":"https:\/\/www.pronego.mx\/home\/?post_type=product&#038;p=917"},"modified":"2026-01-15T17:50:37","modified_gmt":"2026-01-15T17:50:37","slug":"bascula-multifunciones-40-kg-con-puerto-usb-rhino-modelo-bar-8rs","status":"publish","type":"product","link":"https:\/\/www.pronego.mx\/home\/producto\/bascula-multifunciones-40-kg-con-puerto-usb-rhino-modelo-bar-8rs\/","title":{"rendered":"B\u00c1SCULA MULTIFUNCIONES 40 KG CON PUERTO USB RHINO MODELO BAR-8RS"},"content":{"rendered":"<ul>\n<li>Bater\u00eda recargable de hasta 300 horas que permite usarla en cualquier lugar.<\/li>\n<li>Pantalla iluminada visible en todo tipo de iluminaci\u00f3n para facilitar la lectura.<\/li>\n<li>Funci\u00f3n TARA que ayuda a obtener el peso neto del producto sin errores.<\/li>\n<li>F\u00e1cil de limpiar gracias a su mica protectora contra l\u00edquidos y polvo.<\/li>\n<\/ul>\n","protected":false},"excerpt":{"rendered":"<p>Port\u00e1til y precisa, esta b\u00e1scula permite pesar con total visibilidad en cualquier entorno gracias a su bater\u00eda recargable, pantalla iluminada y funci\u00f3n TARA para obtener el peso neto del producto f\u00e1cilmente.<\/p>\n","protected":false},"featured_media":878,"comment_status":"open","ping_status":"closed","template":"","meta":{"_acf_changed":false,"_et_pb_use_builder":"","_et_pb_old_content":"","_et_gb_content_width":""},"product_brand":[38],"product_cat":[72,43],"product_tag":[],"class_list":{"0":"post-917","1":"product","2":"type-product","3":"status-publish","4":"has-post-thumbnail","6":"product_brand-rhino","7":"product_cat-basculas-comerciales","8":"product_cat-pesaje","10":"first","11":"instock","12":"shipping-taxable","13":"purchasable","14":"product-type-simple"},"acf":[],"_links":{"self":[{"href":"https:\/\/www.pronego.mx\/home\/wp-json\/wp\/v2\/product\/917","targetHints":{"allow":["GET"]}}],"collection":[{"href":"https:\/\/www.pronego.mx\/home\/wp-json\/wp\/v2\/product"}],"about":[{"href":"https:\/\/www.pronego.mx\/home\/wp-json\/wp\/v2\/types\/product"}],"replies":[{"embeddable":true,"href":"https:\/\/www.pronego.mx\/home\/wp-json\/wp\/v2\/comments?post=917"}],"wp:featuredmedia":[{"embeddable":true,"href":"https:\/\/www.pronego.mx\/home\/wp-json\/wp\/v2\/media\/878"}],"wp:attachment":[{"href":"https:\/\/www.pronego.mx\/home\/wp-json\/wp\/v2\/media?parent=917"}],"wp:term":[{"taxonomy":"product_brand","embeddable":true,"href":"https:\/\/www.pronego.mx\/home\/wp-json\/wp\/v2\/product_brand?post=917"},{"taxonomy":"product_cat","embeddable":true,"href":"https:\/\/www.pronego.mx\/home\/wp-json\/wp\/v2\/product_cat?post=917"},{"taxonomy":"product_tag","embeddable":true,"href":"https:\/\/www.pronego.mx\/home\/wp-json\/wp\/v2\/product_tag?post=917"}],"curies":[{"name":"wp","href":"https:\/\/api.w.org\/{rel}","templated":true}]}}