{"id":918,"date":"2025-05-22T17:48:44","date_gmt":"2025-05-22T17:48:44","guid":{"rendered":"https:\/\/www.pronego.mx\/home\/?post_type=product&#038;p=918"},"modified":"2026-03-06T16:04:28","modified_gmt":"2026-03-06T16:04:28","slug":"bascula-electronica-multifunciones-con-torreta-40-kg-rhino-modelo-bar-8t","status":"publish","type":"product","link":"https:\/\/www.pronego.mx\/home\/producto\/bascula-electronica-multifunciones-con-torreta-40-kg-rhino-modelo-bar-8t\/","title":{"rendered":"B\u00c1SCULA ELECTR\u00d3NICA MULTIFUNCIONES CON TORRETA 40 KG RHINO MODELO BAR-8T"},"content":{"rendered":"<ul>\n<li>Permite cobrar, calcular cambio y acumular productos sin calculadora.<\/li>\n<li>Ideal para mercados, tiendas de abarrotes y negocios m\u00f3viles.<\/li>\n<li>Torreta con pantalla iluminada para facilitar la lectura desde cualquier \u00e1ngulo.<\/li>\n<li>Bater\u00eda recargable y mica protectora que facilitan el uso y mantenimiento.<\/li>\n<\/ul>\n","protected":false},"excerpt":{"rendered":"<p>Agiliza la venta de productos por peso o unidad con esta b\u00e1scula port\u00e1til que incluye torreta, funciones de caja registradora, pantalla iluminada y bater\u00eda de larga duraci\u00f3n.<\/p>\n","protected":false},"featured_media":879,"comment_status":"open","ping_status":"closed","template":"","meta":{"_acf_changed":false,"_et_pb_use_builder":"","_et_pb_old_content":"","_et_gb_content_width":""},"product_brand":[38],"product_cat":[72,43],"product_tag":[],"class_list":{"0":"post-918","1":"product","2":"type-product","3":"status-publish","4":"has-post-thumbnail","6":"product_brand-rhino","7":"product_cat-basculas-comerciales","8":"product_cat-pesaje","10":"first","11":"instock","12":"shipping-taxable","13":"purchasable","14":"product-type-simple"},"acf":[],"_links":{"self":[{"href":"https:\/\/www.pronego.mx\/home\/wp-json\/wp\/v2\/product\/918","targetHints":{"allow":["GET"]}}],"collection":[{"href":"https:\/\/www.pronego.mx\/home\/wp-json\/wp\/v2\/product"}],"about":[{"href":"https:\/\/www.pronego.mx\/home\/wp-json\/wp\/v2\/types\/product"}],"replies":[{"embeddable":true,"href":"https:\/\/www.pronego.mx\/home\/wp-json\/wp\/v2\/comments?post=918"}],"wp:featuredmedia":[{"embeddable":true,"href":"https:\/\/www.pronego.mx\/home\/wp-json\/wp\/v2\/media\/879"}],"wp:attachment":[{"href":"https:\/\/www.pronego.mx\/home\/wp-json\/wp\/v2\/media?parent=918"}],"wp:term":[{"taxonomy":"product_brand","embeddable":true,"href":"https:\/\/www.pronego.mx\/home\/wp-json\/wp\/v2\/product_brand?post=918"},{"taxonomy":"product_cat","embeddable":true,"href":"https:\/\/www.pronego.mx\/home\/wp-json\/wp\/v2\/product_cat?post=918"},{"taxonomy":"product_tag","embeddable":true,"href":"https:\/\/www.pronego.mx\/home\/wp-json\/wp\/v2\/product_tag?post=918"}],"curies":[{"name":"wp","href":"https:\/\/api.w.org\/{rel}","templated":true}]}}