{"id":920,"date":"2025-05-22T17:48:44","date_gmt":"2025-05-22T17:48:44","guid":{"rendered":"https:\/\/www.pronego.mx\/home\/?post_type=product&#038;p=920"},"modified":"2026-03-06T16:05:03","modified_gmt":"2026-03-06T16:05:03","slug":"bascula-multifunciones-a-prueba-de-agua-40-kg-rhino-modelo-barag-40","status":"publish","type":"product","link":"https:\/\/www.pronego.mx\/home\/producto\/bascula-multifunciones-a-prueba-de-agua-40-kg-rhino-modelo-barag-40\/","title":{"rendered":"B\u00c1SCULA MULTIFUNCIONES A PRUEBA DE AGUA 40 KG RHINO MODELO BARAG-40"},"content":{"rendered":"<ul>\n<li>Ideal para negocios en pescader\u00edas, carnicer\u00edas o exteriores h\u00famedos.<\/li>\n<li>Calcula precios, acumula productos y da cambio f\u00e1cilmente al cliente.<\/li>\n<li>Port\u00e1til y confiable gracias a su bater\u00eda recargable de hasta 300 horas.<\/li>\n<li>Pantalla iluminada y funci\u00f3n TARA para pesar con precisi\u00f3n.<\/li>\n<\/ul>\n","protected":false},"excerpt":{"rendered":"<p>Perfecta para negocios con ambientes h\u00famedos, esta b\u00e1scula port\u00e1til permite calcular precios y dar cambio sin calculadora, con bater\u00eda de larga duraci\u00f3n y pantalla visible en cualquier condici\u00f3n.<\/p>\n","protected":false},"featured_media":881,"comment_status":"open","ping_status":"closed","template":"","meta":{"_acf_changed":false,"_et_pb_use_builder":"","_et_pb_old_content":"","_et_gb_content_width":""},"product_brand":[38],"product_cat":[43],"product_tag":[],"class_list":{"0":"post-920","1":"product","2":"type-product","3":"status-publish","4":"has-post-thumbnail","6":"product_brand-rhino","7":"product_cat-pesaje","9":"first","10":"instock","11":"shipping-taxable","12":"purchasable","13":"product-type-simple"},"acf":[],"_links":{"self":[{"href":"https:\/\/www.pronego.mx\/home\/wp-json\/wp\/v2\/product\/920","targetHints":{"allow":["GET"]}}],"collection":[{"href":"https:\/\/www.pronego.mx\/home\/wp-json\/wp\/v2\/product"}],"about":[{"href":"https:\/\/www.pronego.mx\/home\/wp-json\/wp\/v2\/types\/product"}],"replies":[{"embeddable":true,"href":"https:\/\/www.pronego.mx\/home\/wp-json\/wp\/v2\/comments?post=920"}],"wp:featuredmedia":[{"embeddable":true,"href":"https:\/\/www.pronego.mx\/home\/wp-json\/wp\/v2\/media\/881"}],"wp:attachment":[{"href":"https:\/\/www.pronego.mx\/home\/wp-json\/wp\/v2\/media?parent=920"}],"wp:term":[{"taxonomy":"product_brand","embeddable":true,"href":"https:\/\/www.pronego.mx\/home\/wp-json\/wp\/v2\/product_brand?post=920"},{"taxonomy":"product_cat","embeddable":true,"href":"https:\/\/www.pronego.mx\/home\/wp-json\/wp\/v2\/product_cat?post=920"},{"taxonomy":"product_tag","embeddable":true,"href":"https:\/\/www.pronego.mx\/home\/wp-json\/wp\/v2\/product_tag?post=920"}],"curies":[{"name":"wp","href":"https:\/\/api.w.org\/{rel}","templated":true}]}}