{"id":924,"date":"2025-05-22T17:48:44","date_gmt":"2025-05-22T17:48:44","guid":{"rendered":"https:\/\/www.pronego.mx\/home\/?post_type=product&#038;p=924"},"modified":"2026-03-06T16:12:48","modified_gmt":"2026-03-06T16:12:48","slug":"bascula-de-plataforma-plegable-200-kg-rhino-modelo-bapca-200","status":"publish","type":"product","link":"https:\/\/www.pronego.mx\/home\/producto\/bascula-de-plataforma-plegable-200-kg-rhino-modelo-bapca-200\/","title":{"rendered":"B\u00c1SCULA DE PLATAFORMA PLEGABLE 200 KG RHINO MODELO BAPCA-200"},"content":{"rendered":"<ul>\n<li>Ideal para ventas m\u00f3viles o espacios que requieren portabilidad.<\/li>\n<li>Permite pesar, asignar precio y calcular importe en un solo paso.<\/li>\n<li>Brinda mayor transparencia gracias a su doble pantalla para cliente y operador.<\/li>\n<li>Ahorra tiempo con funciones como TARA y c\u00e1lculo autom\u00e1tico de cambio.<\/li>\n<\/ul>\n","protected":false},"excerpt":{"rendered":"<p>Port\u00e1til y f\u00e1cil de usar, esta b\u00e1scula de plataforma permite pesar, calcular precio e importe en negocios m\u00f3viles o con espacios reducidos.<\/p>\n","protected":false},"featured_media":883,"comment_status":"open","ping_status":"closed","template":"","meta":{"_acf_changed":false,"_et_pb_use_builder":"","_et_pb_old_content":"","_et_gb_content_width":""},"product_brand":[38],"product_cat":[74,43],"product_tag":[],"class_list":{"0":"post-924","1":"product","2":"type-product","3":"status-publish","4":"has-post-thumbnail","6":"product_brand-rhino","7":"product_cat-basculas-de-plataforma","8":"product_cat-pesaje","10":"first","11":"instock","12":"shipping-taxable","13":"purchasable","14":"product-type-simple"},"acf":[],"_links":{"self":[{"href":"https:\/\/www.pronego.mx\/home\/wp-json\/wp\/v2\/product\/924","targetHints":{"allow":["GET"]}}],"collection":[{"href":"https:\/\/www.pronego.mx\/home\/wp-json\/wp\/v2\/product"}],"about":[{"href":"https:\/\/www.pronego.mx\/home\/wp-json\/wp\/v2\/types\/product"}],"replies":[{"embeddable":true,"href":"https:\/\/www.pronego.mx\/home\/wp-json\/wp\/v2\/comments?post=924"}],"wp:featuredmedia":[{"embeddable":true,"href":"https:\/\/www.pronego.mx\/home\/wp-json\/wp\/v2\/media\/883"}],"wp:attachment":[{"href":"https:\/\/www.pronego.mx\/home\/wp-json\/wp\/v2\/media?parent=924"}],"wp:term":[{"taxonomy":"product_brand","embeddable":true,"href":"https:\/\/www.pronego.mx\/home\/wp-json\/wp\/v2\/product_brand?post=924"},{"taxonomy":"product_cat","embeddable":true,"href":"https:\/\/www.pronego.mx\/home\/wp-json\/wp\/v2\/product_cat?post=924"},{"taxonomy":"product_tag","embeddable":true,"href":"https:\/\/www.pronego.mx\/home\/wp-json\/wp\/v2\/product_tag?post=924"}],"curies":[{"name":"wp","href":"https:\/\/api.w.org\/{rel}","templated":true}]}}