{"id":928,"date":"2025-05-22T17:48:45","date_gmt":"2025-05-22T17:48:45","guid":{"rendered":"https:\/\/www.pronego.mx\/home\/?post_type=product&#038;p=928"},"modified":"2026-01-15T21:48:28","modified_gmt":"2026-01-15T21:48:28","slug":"bascula-de-plataforma-a-prueba-de-agua-200-kg-rhino-modelo-bapag-200","status":"publish","type":"product","link":"https:\/\/www.pronego.mx\/home\/producto\/bascula-de-plataforma-a-prueba-de-agua-200-kg-rhino-modelo-bapag-200\/","title":{"rendered":"B\u00c1SCULA DE PLATAFORMA A PRUEBA DE AGUA 200 KG RHINO MODELO BAPAG-200"},"content":{"rendered":"<ul>\n<li>Funciona incluso en c\u00e1maras fr\u00edas sin da\u00f1arse, gracias a su dise\u00f1o en acero inoxidable.<\/li>\n<li>Facilita el traslado y uso en diferentes \u00e1reas con bater\u00eda recargable integrada.<\/li>\n<li>Mejora la visibilidad en cualquier ambiente con su pantalla iluminada.<\/li>\n<li>Permite conocer el peso real del producto con funci\u00f3n TARA.<\/li>\n<\/ul>\n","protected":false},"excerpt":{"rendered":"<p>B\u00e1scula resistente al agua y a la corrosi\u00f3n, ideal para entornos h\u00famedos o refrigerados, con funciones comerciales clave y alta portabilidad.<\/p>\n","protected":false},"featured_media":885,"comment_status":"open","ping_status":"closed","template":"","meta":{"_acf_changed":false,"_et_pb_use_builder":"","_et_pb_old_content":"","_et_gb_content_width":""},"product_brand":[38],"product_cat":[74,43],"product_tag":[],"class_list":{"0":"post-928","1":"product","2":"type-product","3":"status-publish","4":"has-post-thumbnail","6":"product_brand-rhino","7":"product_cat-basculas-de-plataforma","8":"product_cat-pesaje","10":"first","11":"instock","12":"shipping-taxable","13":"purchasable","14":"product-type-simple"},"acf":[],"_links":{"self":[{"href":"https:\/\/www.pronego.mx\/home\/wp-json\/wp\/v2\/product\/928","targetHints":{"allow":["GET"]}}],"collection":[{"href":"https:\/\/www.pronego.mx\/home\/wp-json\/wp\/v2\/product"}],"about":[{"href":"https:\/\/www.pronego.mx\/home\/wp-json\/wp\/v2\/types\/product"}],"replies":[{"embeddable":true,"href":"https:\/\/www.pronego.mx\/home\/wp-json\/wp\/v2\/comments?post=928"}],"wp:featuredmedia":[{"embeddable":true,"href":"https:\/\/www.pronego.mx\/home\/wp-json\/wp\/v2\/media\/885"}],"wp:attachment":[{"href":"https:\/\/www.pronego.mx\/home\/wp-json\/wp\/v2\/media?parent=928"}],"wp:term":[{"taxonomy":"product_brand","embeddable":true,"href":"https:\/\/www.pronego.mx\/home\/wp-json\/wp\/v2\/product_brand?post=928"},{"taxonomy":"product_cat","embeddable":true,"href":"https:\/\/www.pronego.mx\/home\/wp-json\/wp\/v2\/product_cat?post=928"},{"taxonomy":"product_tag","embeddable":true,"href":"https:\/\/www.pronego.mx\/home\/wp-json\/wp\/v2\/product_tag?post=928"}],"curies":[{"name":"wp","href":"https:\/\/api.w.org\/{rel}","templated":true}]}}