{"id":929,"date":"2025-05-22T17:48:49","date_gmt":"2025-05-22T17:48:49","guid":{"rendered":"https:\/\/www.pronego.mx\/home\/?post_type=product&#038;p=929"},"modified":"2026-03-06T16:15:15","modified_gmt":"2026-03-06T16:15:15","slug":"plataforma-de-bajo-perfil-pesaje-en-piso-120-x-120-cm-rhino-modelo-plaba-12","status":"publish","type":"product","link":"https:\/\/www.pronego.mx\/home\/producto\/plataforma-de-bajo-perfil-pesaje-en-piso-120-x-120-cm-rhino-modelo-plaba-12\/","title":{"rendered":"PLATAFORMA DE BAJO PERFIL PESAJE EN PISO 120 X 120 CM RHINO MODELO PLABA-12"},"content":{"rendered":"<ul>\n<li>Facilita el pesaje directo en piso o fosa sin complicaciones.<\/li>\n<li>Ofrece mayor durabilidad con su estructura de acero al carbono resistente a impactos.<\/li>\n<li>Brinda seguridad en ambientes h\u00famedos con su caja de sumas sellada.<\/li>\n<li>Permite pesar animales de forma m\u00e1s precisa gracias a su funci\u00f3n especializada.<\/li>\n<\/ul>\n","protected":false},"excerpt":{"rendered":"<p>B\u00e1scula resistente y funcional para recibo de mercanc\u00eda o uso veterinario, ideal para trabajo en piso gracias a su dise\u00f1o de bajo perfil y superficie antiderrapante.<\/p>\n","protected":false},"featured_media":886,"comment_status":"open","ping_status":"closed","template":"","meta":{"_acf_changed":false,"_et_pb_use_builder":"","_et_pb_old_content":"","_et_gb_content_width":""},"product_brand":[38],"product_cat":[74,43],"product_tag":[],"class_list":{"0":"post-929","1":"product","2":"type-product","3":"status-publish","4":"has-post-thumbnail","6":"product_brand-rhino","7":"product_cat-basculas-de-plataforma","8":"product_cat-pesaje","10":"first","11":"instock","12":"shipping-taxable","13":"purchasable","14":"product-type-simple"},"acf":[],"_links":{"self":[{"href":"https:\/\/www.pronego.mx\/home\/wp-json\/wp\/v2\/product\/929","targetHints":{"allow":["GET"]}}],"collection":[{"href":"https:\/\/www.pronego.mx\/home\/wp-json\/wp\/v2\/product"}],"about":[{"href":"https:\/\/www.pronego.mx\/home\/wp-json\/wp\/v2\/types\/product"}],"replies":[{"embeddable":true,"href":"https:\/\/www.pronego.mx\/home\/wp-json\/wp\/v2\/comments?post=929"}],"wp:featuredmedia":[{"embeddable":true,"href":"https:\/\/www.pronego.mx\/home\/wp-json\/wp\/v2\/media\/886"}],"wp:attachment":[{"href":"https:\/\/www.pronego.mx\/home\/wp-json\/wp\/v2\/media?parent=929"}],"wp:term":[{"taxonomy":"product_brand","embeddable":true,"href":"https:\/\/www.pronego.mx\/home\/wp-json\/wp\/v2\/product_brand?post=929"},{"taxonomy":"product_cat","embeddable":true,"href":"https:\/\/www.pronego.mx\/home\/wp-json\/wp\/v2\/product_cat?post=929"},{"taxonomy":"product_tag","embeddable":true,"href":"https:\/\/www.pronego.mx\/home\/wp-json\/wp\/v2\/product_tag?post=929"}],"curies":[{"name":"wp","href":"https:\/\/api.w.org\/{rel}","templated":true}]}}