{"id":931,"date":"2025-05-22T17:48:49","date_gmt":"2025-05-22T17:48:49","guid":{"rendered":"https:\/\/www.pronego.mx\/home\/?post_type=product&#038;p=931"},"modified":"2026-03-06T16:11:41","modified_gmt":"2026-03-06T16:11:41","slug":"balanza-electronica-de-precision-3-kg-rhino-modelo-bapre-3","status":"publish","type":"product","link":"https:\/\/www.pronego.mx\/home\/producto\/balanza-electronica-de-precision-3-kg-rhino-modelo-bapre-3\/","title":{"rendered":"BALANZA ELECTR\u00d3NICA DE PRECISI\u00d3N 3 KG RHINO MODELO BAPRE-3"},"content":{"rendered":"<ul>\n<li>Obt\u00e9n resultados precisos en cada medici\u00f3n sin margen de error.<\/li>\n<li>Cuenta piezas y pesa art\u00edculos peque\u00f1os sin necesidad de otro equipo.<\/li>\n<li>Ll\u00e9vala a donde necesites gracias a su dise\u00f1o port\u00e1til y operaci\u00f3n con bater\u00edas.<\/li>\n<li>Cambia de unidad de peso f\u00e1cilmente entre gramos, libras y onzas.<\/li>\n<\/ul>\n","protected":false},"excerpt":{"rendered":"<p>Balanza compacta con alta precisi\u00f3n y doble funci\u00f3n de pesaje y conteo, ideal para negocios que requieren exactitud en piezas o peso en gramos, libras u onzas.<\/p>\n","protected":false},"featured_media":888,"comment_status":"open","ping_status":"closed","template":"","meta":{"_acf_changed":false,"_et_pb_use_builder":"","_et_pb_old_content":"","_et_gb_content_width":""},"product_brand":[38],"product_cat":[43],"product_tag":[],"class_list":{"0":"post-931","1":"product","2":"type-product","3":"status-publish","4":"has-post-thumbnail","6":"product_brand-rhino","7":"product_cat-pesaje","9":"first","10":"instock","11":"shipping-taxable","12":"purchasable","13":"product-type-simple"},"acf":[],"_links":{"self":[{"href":"https:\/\/www.pronego.mx\/home\/wp-json\/wp\/v2\/product\/931","targetHints":{"allow":["GET"]}}],"collection":[{"href":"https:\/\/www.pronego.mx\/home\/wp-json\/wp\/v2\/product"}],"about":[{"href":"https:\/\/www.pronego.mx\/home\/wp-json\/wp\/v2\/types\/product"}],"replies":[{"embeddable":true,"href":"https:\/\/www.pronego.mx\/home\/wp-json\/wp\/v2\/comments?post=931"}],"wp:featuredmedia":[{"embeddable":true,"href":"https:\/\/www.pronego.mx\/home\/wp-json\/wp\/v2\/media\/888"}],"wp:attachment":[{"href":"https:\/\/www.pronego.mx\/home\/wp-json\/wp\/v2\/media?parent=931"}],"wp:term":[{"taxonomy":"product_brand","embeddable":true,"href":"https:\/\/www.pronego.mx\/home\/wp-json\/wp\/v2\/product_brand?post=931"},{"taxonomy":"product_cat","embeddable":true,"href":"https:\/\/www.pronego.mx\/home\/wp-json\/wp\/v2\/product_cat?post=931"},{"taxonomy":"product_tag","embeddable":true,"href":"https:\/\/www.pronego.mx\/home\/wp-json\/wp\/v2\/product_tag?post=931"}],"curies":[{"name":"wp","href":"https:\/\/api.w.org\/{rel}","templated":true}]}}