{"id":934,"date":"2025-05-22T17:48:50","date_gmt":"2025-05-22T17:48:50","guid":{"rendered":"https:\/\/www.pronego.mx\/home\/?post_type=product&#038;p=934"},"modified":"2025-10-06T15:53:35","modified_gmt":"2025-10-06T15:53:35","slug":"bascula-de-tazon-5-kg-rhino-modelo-bata-5","status":"publish","type":"product","link":"https:\/\/www.pronego.mx\/home\/producto\/bascula-de-tazon-5-kg-rhino-modelo-bata-5\/","title":{"rendered":"B\u00c1SCULA DE TAZ\u00d3N 5 KG RHINO MODELO BATA-5"},"content":{"rendered":"<ul>\n<li>Mejora la preparaci\u00f3n de platillos al medir ingredientes de forma exacta.<\/li>\n<li>Olv\u00eddate de las tazas medidoras con su funci\u00f3n para l\u00edquidos y polvos.<\/li>\n<li>Sigue cualquier receta f\u00e1cilmente con m\u00faltiples unidades de medida.<\/li>\n<li>Mant\u00e9n la higiene con su taz\u00f3n de acero inoxidable grado alimenticio.<\/li>\n<\/ul>\n","protected":false},"excerpt":{"rendered":"<p>Prepara recetas con precisi\u00f3n gracias a su funci\u00f3n de c\u00e1lculo de volumen y su taz\u00f3n de acero inoxidable. Ideal para cocinas, reposter\u00edas y negocios de alimentos.<\/p>\n","protected":false},"featured_media":890,"comment_status":"open","ping_status":"closed","template":"","meta":{"_acf_changed":false,"_et_pb_use_builder":"","_et_pb_old_content":"","_et_gb_content_width":""},"product_brand":[38],"product_cat":[43],"product_tag":[],"class_list":{"0":"post-934","1":"product","2":"type-product","3":"status-publish","4":"has-post-thumbnail","6":"product_brand-rhino","7":"product_cat-pesaje","9":"first","10":"instock","11":"shipping-taxable","12":"purchasable","13":"product-type-simple"},"acf":[],"_links":{"self":[{"href":"https:\/\/www.pronego.mx\/home\/wp-json\/wp\/v2\/product\/934","targetHints":{"allow":["GET"]}}],"collection":[{"href":"https:\/\/www.pronego.mx\/home\/wp-json\/wp\/v2\/product"}],"about":[{"href":"https:\/\/www.pronego.mx\/home\/wp-json\/wp\/v2\/types\/product"}],"replies":[{"embeddable":true,"href":"https:\/\/www.pronego.mx\/home\/wp-json\/wp\/v2\/comments?post=934"}],"wp:featuredmedia":[{"embeddable":true,"href":"https:\/\/www.pronego.mx\/home\/wp-json\/wp\/v2\/media\/890"}],"wp:attachment":[{"href":"https:\/\/www.pronego.mx\/home\/wp-json\/wp\/v2\/media?parent=934"}],"wp:term":[{"taxonomy":"product_brand","embeddable":true,"href":"https:\/\/www.pronego.mx\/home\/wp-json\/wp\/v2\/product_brand?post=934"},{"taxonomy":"product_cat","embeddable":true,"href":"https:\/\/www.pronego.mx\/home\/wp-json\/wp\/v2\/product_cat?post=934"},{"taxonomy":"product_tag","embeddable":true,"href":"https:\/\/www.pronego.mx\/home\/wp-json\/wp\/v2\/product_tag?post=934"}],"curies":[{"name":"wp","href":"https:\/\/api.w.org\/{rel}","templated":true}]}}