{"id":935,"date":"2025-05-22T17:48:50","date_gmt":"2025-05-22T17:48:50","guid":{"rendered":"https:\/\/www.pronego.mx\/home\/?post_type=product&#038;p=935"},"modified":"2025-10-06T15:53:35","modified_gmt":"2025-10-06T15:53:35","slug":"bascula-electronica-multiusos-3-kg-rhino-modelo-baci-3","status":"publish","type":"product","link":"https:\/\/www.pronego.mx\/home\/producto\/bascula-electronica-multiusos-3-kg-rhino-modelo-baci-3\/","title":{"rendered":"B\u00c1SCULA ELECTR\u00d3NICA MULTIUSOS 3 KG RHINO MODELO BACI-3"},"content":{"rendered":"<ul>\n<li>Ideal para pesar ingredientes, porciones peque\u00f1as o esencias con gran precisi\u00f3n.<\/li>\n<li>Mide en gramos, onzas, libras, mililitros y tazas sin necesidad de c\u00e1lculos.<\/li>\n<li>Port\u00e1til y pr\u00e1ctica gracias a su funcionamiento con bater\u00edas incluidas.<\/li>\n<li>Incluye funci\u00f3n TARA y c\u00e1lculo de volumen para reemplazar jarras medidoras.<\/li>\n<\/ul>\n","protected":false},"excerpt":{"rendered":"<p>Perfecta para cocina, reposter\u00eda o insumos delicados, esta b\u00e1scula ofrece m\u00e1xima precisi\u00f3n y mide en varias unidades sin necesidad de hacer conversiones.<\/p>\n","protected":false},"featured_media":891,"comment_status":"open","ping_status":"closed","template":"","meta":{"_acf_changed":false,"_et_pb_use_builder":"","_et_pb_old_content":"","_et_gb_content_width":""},"product_brand":[38],"product_cat":[43],"product_tag":[],"class_list":{"0":"post-935","1":"product","2":"type-product","3":"status-publish","4":"has-post-thumbnail","6":"product_brand-rhino","7":"product_cat-pesaje","9":"first","10":"instock","11":"shipping-taxable","12":"purchasable","13":"product-type-simple"},"acf":[],"_links":{"self":[{"href":"https:\/\/www.pronego.mx\/home\/wp-json\/wp\/v2\/product\/935","targetHints":{"allow":["GET"]}}],"collection":[{"href":"https:\/\/www.pronego.mx\/home\/wp-json\/wp\/v2\/product"}],"about":[{"href":"https:\/\/www.pronego.mx\/home\/wp-json\/wp\/v2\/types\/product"}],"replies":[{"embeddable":true,"href":"https:\/\/www.pronego.mx\/home\/wp-json\/wp\/v2\/comments?post=935"}],"wp:featuredmedia":[{"embeddable":true,"href":"https:\/\/www.pronego.mx\/home\/wp-json\/wp\/v2\/media\/891"}],"wp:attachment":[{"href":"https:\/\/www.pronego.mx\/home\/wp-json\/wp\/v2\/media?parent=935"}],"wp:term":[{"taxonomy":"product_brand","embeddable":true,"href":"https:\/\/www.pronego.mx\/home\/wp-json\/wp\/v2\/product_brand?post=935"},{"taxonomy":"product_cat","embeddable":true,"href":"https:\/\/www.pronego.mx\/home\/wp-json\/wp\/v2\/product_cat?post=935"},{"taxonomy":"product_tag","embeddable":true,"href":"https:\/\/www.pronego.mx\/home\/wp-json\/wp\/v2\/product_tag?post=935"}],"curies":[{"name":"wp","href":"https:\/\/api.w.org\/{rel}","templated":true}]}}