{"id":936,"date":"2025-05-22T17:48:50","date_gmt":"2025-05-22T17:48:50","guid":{"rendered":"https:\/\/www.pronego.mx\/home\/?post_type=product&#038;p=936"},"modified":"2026-03-06T16:11:17","modified_gmt":"2026-03-06T16:11:17","slug":"bascula-electronica-contadora-de-alta-precision-30-kg-rhino-modelo-baco-30","status":"publish","type":"product","link":"https:\/\/www.pronego.mx\/home\/producto\/bascula-electronica-contadora-de-alta-precision-30-kg-rhino-modelo-baco-30\/","title":{"rendered":"B\u00c1SCULA ELECTR\u00d3NICA CONTADORA DE ALTA PRECISI\u00d3N 30 KG RHINO MODELO BACO-30"},"content":{"rendered":"<ul>\n<li>Acelera el conteo de piezas y monedas sin necesidad de hacerlo manualmente.<\/li>\n<li>Ideal para ferreter\u00edas, mercer\u00edas, tlapaler\u00edas o cualquier negocio con productos peque\u00f1os.<\/li>\n<li>Permite establecer muestra y tara desde el teclado para mayor rapidez.<\/li>\n<li>Con\u00e9ctala a PC o impresora para guardar registros de pesaje y mejorar el control de inventario.<\/li>\n<\/ul>\n","protected":false},"excerpt":{"rendered":"<p>Ahorra tiempo al contar piezas o monedas con precisi\u00f3n, ideal para negocios que manejan inventario a granel o productos peque\u00f1os.<\/p>\n","protected":false},"featured_media":892,"comment_status":"open","ping_status":"closed","template":"","meta":{"_acf_changed":false,"_et_pb_use_builder":"","_et_pb_old_content":"","_et_gb_content_width":""},"product_brand":[38],"product_cat":[43],"product_tag":[],"class_list":{"0":"post-936","1":"product","2":"type-product","3":"status-publish","4":"has-post-thumbnail","6":"product_brand-rhino","7":"product_cat-pesaje","9":"first","10":"instock","11":"shipping-taxable","12":"purchasable","13":"product-type-simple"},"acf":[],"_links":{"self":[{"href":"https:\/\/www.pronego.mx\/home\/wp-json\/wp\/v2\/product\/936","targetHints":{"allow":["GET"]}}],"collection":[{"href":"https:\/\/www.pronego.mx\/home\/wp-json\/wp\/v2\/product"}],"about":[{"href":"https:\/\/www.pronego.mx\/home\/wp-json\/wp\/v2\/types\/product"}],"replies":[{"embeddable":true,"href":"https:\/\/www.pronego.mx\/home\/wp-json\/wp\/v2\/comments?post=936"}],"wp:featuredmedia":[{"embeddable":true,"href":"https:\/\/www.pronego.mx\/home\/wp-json\/wp\/v2\/media\/892"}],"wp:attachment":[{"href":"https:\/\/www.pronego.mx\/home\/wp-json\/wp\/v2\/media?parent=936"}],"wp:term":[{"taxonomy":"product_brand","embeddable":true,"href":"https:\/\/www.pronego.mx\/home\/wp-json\/wp\/v2\/product_brand?post=936"},{"taxonomy":"product_cat","embeddable":true,"href":"https:\/\/www.pronego.mx\/home\/wp-json\/wp\/v2\/product_cat?post=936"},{"taxonomy":"product_tag","embeddable":true,"href":"https:\/\/www.pronego.mx\/home\/wp-json\/wp\/v2\/product_tag?post=936"}],"curies":[{"name":"wp","href":"https:\/\/api.w.org\/{rel}","templated":true}]}}