{"id":937,"date":"2025-05-22T17:48:50","date_gmt":"2025-05-22T17:48:50","guid":{"rendered":"https:\/\/www.pronego.mx\/home\/?post_type=product&#038;p=937"},"modified":"2025-10-06T15:53:35","modified_gmt":"2025-10-06T15:53:35","slug":"bascula-electronica-colgante-portatil-20-kg-rhino-modelo-bac-20","status":"publish","type":"product","link":"https:\/\/www.pronego.mx\/home\/producto\/bascula-electronica-colgante-portatil-20-kg-rhino-modelo-bac-20\/","title":{"rendered":"B\u00c1SCULA ELECTR\u00d3NICA COLGANTE PORT\u00c1TIL 20 KG RHINO MODELO BAC-20"},"content":{"rendered":"<ul>\n<li>Transporta y usa f\u00e1cilmente gracias a su dise\u00f1o compacto y peso ligero.<\/li>\n<li>Ideal para mercados, tianguis, pescader\u00edas y actividades al aire libre.<\/li>\n<li>Ahorra energ\u00eda con su bater\u00eda de larga duraci\u00f3n y bajo consumo.<\/li>\n<li>Obt\u00e9n solo el peso del producto con su funci\u00f3n de tara incorporada.<\/li>\n<\/ul>\n","protected":false},"excerpt":{"rendered":"<p>Pesa de forma pr\u00e1ctica y precisa donde sea que est\u00e9s, gracias a su dise\u00f1o ultraligero y funci\u00f3n de tara para mayor exactitud.<\/p>\n","protected":false},"featured_media":893,"comment_status":"open","ping_status":"closed","template":"","meta":{"_acf_changed":false,"_et_pb_use_builder":"","_et_pb_old_content":"","_et_gb_content_width":""},"product_brand":[38],"product_cat":[73,43],"product_tag":[],"class_list":{"0":"post-937","1":"product","2":"type-product","3":"status-publish","4":"has-post-thumbnail","6":"product_brand-rhino","7":"product_cat-basculas-colgantes","8":"product_cat-pesaje","10":"first","11":"instock","12":"shipping-taxable","13":"purchasable","14":"product-type-simple"},"acf":[],"_links":{"self":[{"href":"https:\/\/www.pronego.mx\/home\/wp-json\/wp\/v2\/product\/937","targetHints":{"allow":["GET"]}}],"collection":[{"href":"https:\/\/www.pronego.mx\/home\/wp-json\/wp\/v2\/product"}],"about":[{"href":"https:\/\/www.pronego.mx\/home\/wp-json\/wp\/v2\/types\/product"}],"replies":[{"embeddable":true,"href":"https:\/\/www.pronego.mx\/home\/wp-json\/wp\/v2\/comments?post=937"}],"wp:featuredmedia":[{"embeddable":true,"href":"https:\/\/www.pronego.mx\/home\/wp-json\/wp\/v2\/media\/893"}],"wp:attachment":[{"href":"https:\/\/www.pronego.mx\/home\/wp-json\/wp\/v2\/media?parent=937"}],"wp:term":[{"taxonomy":"product_brand","embeddable":true,"href":"https:\/\/www.pronego.mx\/home\/wp-json\/wp\/v2\/product_brand?post=937"},{"taxonomy":"product_cat","embeddable":true,"href":"https:\/\/www.pronego.mx\/home\/wp-json\/wp\/v2\/product_cat?post=937"},{"taxonomy":"product_tag","embeddable":true,"href":"https:\/\/www.pronego.mx\/home\/wp-json\/wp\/v2\/product_tag?post=937"}],"curies":[{"name":"wp","href":"https:\/\/api.w.org\/{rel}","templated":true}]}}